{"id":868,"date":"2022-03-08T07:54:35","date_gmt":"2022-03-08T07:54:35","guid":{"rendered":"https:\/\/www.laufamily-kungfu.com\/?page_id=868"},"modified":"2023-02-13T08:27:23","modified_gmt":"2023-02-13T08:27:23","slug":"nahkampf-training","status":"publish","type":"page","link":"https:\/\/www.laufamily-kungfu.com\/en\/nahkampf-training\/","title":{"rendered":"Close combat training"},"content":{"rendered":"<figure class=\"wp-block-image alignfull size-large BannerNahkampfTraining\"><img loading=\"lazy\" decoding=\"async\" width=\"300\" height=\"320\" src=\"https:\/\/www.laufamily-kungfu.com\/wp-content\/uploads\/2020\/07\/hung_kuen_lau_family_kung_fu_europe_300.png\" alt=\"\" class=\"wp-image-181\" srcset=\"https:\/\/www.laufamily-kungfu.com\/wp-content\/uploads\/2020\/07\/hung_kuen_lau_family_kung_fu_europe_300.png 300w, https:\/\/www.laufamily-kungfu.com\/wp-content\/uploads\/2020\/07\/hung_kuen_lau_family_kung_fu_europe_300-281x300.png 281w\" sizes=\"auto, (max-width: 300px) 100vw, 300px\" \/><\/figure>\n\n\n\n<div class=\"wp-block-group\"><div class=\"wp-block-group__inner-container is-layout-flow wp-block-group-is-layout-flow\">\n<div class=\"wp-block-group\"><div class=\"wp-block-group__inner-container is-layout-flow wp-block-group-is-layout-flow\">\n<figure class=\"wp-block-image alignwide size-large roteTrennlinie\"><img loading=\"lazy\" decoding=\"async\" width=\"100\" height=\"4\" src=\"https:\/\/www.laufamily-kungfu.com\/wp-content\/uploads\/2020\/07\/trennlinie.png\" alt=\"\" class=\"wp-image-139\"\/><\/figure>\n\n\n\n<div class=\"wp-block-group\"><div class=\"wp-block-group__inner-container is-layout-flow wp-block-group-is-layout-flow\">\n<h2 class=\"has-text-align-center wp-block-heading\" style=\"font-size:42px\"><strong>Close combat training<\/strong><\/h2>\n<\/div><\/div>\n\n\n\n<figure class=\"wp-block-image alignwide size-large roteTrennlinie\"><img loading=\"lazy\" decoding=\"async\" width=\"100\" height=\"4\" src=\"https:\/\/www.laufamily-kungfu.com\/wp-content\/uploads\/2020\/07\/trennlinie.png\" alt=\"\" class=\"wp-image-139\"\/><\/figure>\n<\/div><\/div>\n\n\n\n<div class=\"wp-block-group\"><div class=\"wp-block-group__inner-container is-layout-flow wp-block-group-is-layout-flow\">\n<div class=\"wp-block-group alignfull\"><div class=\"wp-block-group__inner-container is-layout-flow wp-block-group-is-layout-flow\">\n<p class=\"has-text-align-left\"><\/p>\n<\/div><\/div>\n<\/div><\/div>\n<\/div><\/div>\n\n\n\n<div class=\"wp-block-group alignwide ausblenden has-primary-color has-subtle-background-background-color has-text-color has-background\"><div class=\"wp-block-group__inner-container is-layout-flow wp-block-group-is-layout-flow\">\n<h5 class=\"has-text-align-center wp-block-heading\"><strong>Due to the current global political situation, we are offering a new close combat training course for men and women aged 16 and over from Thursday 31 March 2022.<\/strong><\/h5>\n<\/div><\/div>\n\n\n\n<div class=\"wp-block-columns is-layout-flex wp-container-core-columns-is-layout-9d6595d7 wp-block-columns-is-layout-flex\">\n<div class=\"wp-block-column is-layout-flow wp-block-column-is-layout-flow\">\n<p>The close combat training enables you to learn and internalise methods and skills for the best possible self-defence in a manageable time frame. We use the most effective methods and principles of the most respected close combat system of ancient China, Hung Kuen Kung Fu.<\/p>\n\n\n\n<p>The lessons take place in an open, friendly, but also uncompromising, consistent and realistic atmosphere to achieve the best possible results for you in terms of fighting ability, self-confidence and safety.<\/p>\n\n\n\n<p>The training is suitable for everyone without serious physical limitations.<\/p>\n<\/div>\n\n\n\n<div class=\"wp-block-column is-layout-flow wp-block-column-is-layout-flow\">\n<p class=\"has-text-color\" style=\"color:#a22716\"><strong><em>Our close combat training offer is aimed at individuals and institutions who directly benefit from such training in their professional or private life (e.g. police, bodyguards, security services, etc.).<\/em><\/strong><\/p>\n\n\n\n<p>If you are interested, please submit a corresponding request via our contact form.<br><\/p>\n\n\n\n<p>The training takes place under the direct guidance of Sifu Dominik Spies, 6th generation Kung Fu master Wong Fei Hung. Sifu Spies has been teaching for 20 years and is one of the most renowned Kung Fu masters worldwide.<\/p>\n<\/div>\n\n\n\n<div class=\"wp-block-column is-layout-flow wp-block-column-is-layout-flow\">\n<figure class=\"wp-block-image size-full obenKeinRand\"><img loading=\"lazy\" decoding=\"async\" width=\"800\" height=\"1200\" src=\"https:\/\/www.laufamily-kungfu.com\/wp-content\/uploads\/2022\/03\/Jau_Chi_Hang.jpg\" alt=\"\" class=\"wp-image-872\" srcset=\"https:\/\/www.laufamily-kungfu.com\/wp-content\/uploads\/2022\/03\/Jau_Chi_Hang.jpg 800w, https:\/\/www.laufamily-kungfu.com\/wp-content\/uploads\/2022\/03\/Jau_Chi_Hang-200x300.jpg 200w, https:\/\/www.laufamily-kungfu.com\/wp-content\/uploads\/2022\/03\/Jau_Chi_Hang-768x1152.jpg 768w, https:\/\/www.laufamily-kungfu.com\/wp-content\/uploads\/2022\/03\/Jau_Chi_Hang-8x12.jpg 8w\" sizes=\"auto, (max-width: 800px) 100vw, 800px\" \/><figcaption class=\"wp-element-caption\">Kung Fu Master Jau Chi Hang (Dominik Spies)<\/figcaption><\/figure>\n\n\n\n\n<\/div>\n<\/div>\n\n\n\n<div class=\"wp-block-columns is-layout-flex wp-container-core-columns-is-layout-9d6595d7 wp-block-columns-is-layout-flex\">\n<div class=\"wp-block-column is-layout-flow wp-block-column-is-layout-flow\" style=\"flex-basis:100%\">\n<div class=\"wp-block-group\"><div class=\"wp-block-group__inner-container is-layout-flow wp-block-group-is-layout-flow\">\n<figure class=\"wp-block-image alignfull size-full roteTrennlinie\"><img loading=\"lazy\" decoding=\"async\" width=\"100\" height=\"4\" src=\"https:\/\/www.laufamily-kungfu.com\/wp-content\/uploads\/2020\/07\/trennlinie.png\" alt=\"\" class=\"wp-image-139\"\/><\/figure>\n\n\n\n<div class=\"wp-block-group alignfull has-primary-color has-subtle-background-background-color has-text-color has-background\"><div class=\"wp-block-group__inner-container is-layout-flow wp-block-group-is-layout-flow\">\n<h2 class=\"has-text-align-center wp-block-heading\">Registration<\/h2>\n\n\n\n<p class=\"has-text-align-center\"> Pre-registration for close combat training please via the <a href=\"https:\/\/www.laufamily-kungfu.com\/en\/kontakt\/\" data-type=\"URL\" data-id=\"https:\/\/www.laufamily-kungfu.com\/kontakt\/\">Contact form<\/a> or under the telephone number <\/p>\n\n\n\n<p class=\"has-text-align-center has-larger-font-size\">+43 (0)681 \/ 81 81 86 90<\/p>\n<\/div><\/div>\n\n\n\n<figure class=\"wp-block-image alignfull size-full roteTrennlinie\"><img loading=\"lazy\" decoding=\"async\" width=\"100\" height=\"4\" src=\"https:\/\/www.laufamily-kungfu.com\/wp-content\/uploads\/2020\/07\/trennlinie.png\" alt=\"\" class=\"wp-image-139\"\/><\/figure>\n<\/div><\/div>\n<\/div>\n<\/div>\n\n\n\n<p class=\"has-text-align-center newsKasten2\"> <a href=\"http:\/\/www.laufamily-kungfu.com\/en\/kontakt\/\">contact us now<\/a><\/p>","protected":false},"excerpt":{"rendered":"<p>Nahkampf Training Anl\u00e4sslich der aktuellen weltpolitischen Situation bieten wir ab Donnerstag den 31. M\u00e4rz 2022 einen neuen Nahkampf Training Kurs f\u00fcr M\u00e4nner und Frauen ab 16 Jahren an. Das Nahkampf Training erm\u00f6glicht es Ihnen in einem \u00fcberschaubarem Zeitrahmen Methoden und F\u00e4higkeiten zur bestm\u00f6glichen Selbstverteidigung zu erlernen und zu verinnerlichen. Dabei bedienen wir uns bei den [&hellip;]<\/p>","protected":false},"author":1,"featured_media":0,"parent":0,"menu_order":0,"comment_status":"closed","ping_status":"closed","template":"templates\/template-full-width.php","meta":{"footnotes":""},"class_list":["post-868","page","type-page","status-publish","hentry"],"_links":{"self":[{"href":"https:\/\/www.laufamily-kungfu.com\/en\/wp-json\/wp\/v2\/pages\/868","targetHints":{"allow":["GET"]}}],"collection":[{"href":"https:\/\/www.laufamily-kungfu.com\/en\/wp-json\/wp\/v2\/pages"}],"about":[{"href":"https:\/\/www.laufamily-kungfu.com\/en\/wp-json\/wp\/v2\/types\/page"}],"author":[{"embeddable":true,"href":"https:\/\/www.laufamily-kungfu.com\/en\/wp-json\/wp\/v2\/users\/1"}],"replies":[{"embeddable":true,"href":"https:\/\/www.laufamily-kungfu.com\/en\/wp-json\/wp\/v2\/comments?post=868"}],"version-history":[{"count":22,"href":"https:\/\/www.laufamily-kungfu.com\/en\/wp-json\/wp\/v2\/pages\/868\/revisions"}],"predecessor-version":[{"id":1273,"href":"https:\/\/www.laufamily-kungfu.com\/en\/wp-json\/wp\/v2\/pages\/868\/revisions\/1273"}],"wp:attachment":[{"href":"https:\/\/www.laufamily-kungfu.com\/en\/wp-json\/wp\/v2\/media?parent=868"}],"curies":[{"name":"wp","href":"https:\/\/api.w.org\/{rel}","templated":true}]}}