{"id":777,"date":"2022-01-24T14:48:18","date_gmt":"2022-01-24T14:48:18","guid":{"rendered":"https:\/\/www.laufamily-kungfu.com\/?page_id=777"},"modified":"2025-03-11T13:53:24","modified_gmt":"2025-03-11T13:53:24","slug":"training-fuer-jungendliche-und-erwachsene","status":"publish","type":"page","link":"https:\/\/www.laufamily-kungfu.com\/en\/training-fuer-jungendliche-und-erwachsene\/","title":{"rendered":"Courses for youth and adults"},"content":{"rendered":"<figure class=\"wp-block-image alignfull size-full BannerKurseErwachsene\"><img loading=\"lazy\" decoding=\"async\" width=\"300\" height=\"320\" src=\"https:\/\/www.laufamily-kungfu.com\/wp-content\/uploads\/2020\/07\/hung_kuen_lau_family_kung_fu_europe_300.png\" alt=\"\" class=\"wp-image-181\" srcset=\"https:\/\/www.laufamily-kungfu.com\/wp-content\/uploads\/2020\/07\/hung_kuen_lau_family_kung_fu_europe_300.png 300w, https:\/\/www.laufamily-kungfu.com\/wp-content\/uploads\/2020\/07\/hung_kuen_lau_family_kung_fu_europe_300-281x300.png 281w\" sizes=\"auto, (max-width: 300px) 100vw, 300px\" \/><\/figure>\n\n\n\n<div class=\"wp-block-group\"><div class=\"wp-block-group__inner-container is-layout-flow wp-block-group-is-layout-flow\">\n<div class=\"wp-block-group\"><div class=\"wp-block-group__inner-container is-layout-flow wp-block-group-is-layout-flow\">\n<figure class=\"wp-block-image alignwide size-large roteTrennlinie\"><img loading=\"lazy\" decoding=\"async\" width=\"100\" height=\"4\" src=\"https:\/\/www.laufamily-kungfu.com\/wp-content\/uploads\/2020\/07\/trennlinie.png\" alt=\"\" class=\"wp-image-139\"\/><\/figure>\n\n\n\n<div class=\"wp-block-group\"><div class=\"wp-block-group__inner-container is-layout-flow wp-block-group-is-layout-flow\">\n<h2 class=\"wp-block-heading has-text-align-center\" style=\"font-size:42px\">Courses for youth and adults<\/h2>\n\n\n\n\n<\/div><\/div>\n\n\n\n<figure class=\"wp-block-image alignwide size-large roteTrennlinie\"><img loading=\"lazy\" decoding=\"async\" width=\"100\" height=\"4\" src=\"https:\/\/www.laufamily-kungfu.com\/wp-content\/uploads\/2020\/07\/trennlinie.png\" alt=\"\" class=\"wp-image-139\"\/><\/figure>\n<\/div><\/div>\n\n\n\n<div class=\"wp-block-columns is-layout-flex wp-container-core-columns-is-layout-9d6595d7 wp-block-columns-is-layout-flex\">\n<div class=\"wp-block-column is-layout-flow wp-block-column-is-layout-flow\">\n<figure class=\"wp-block-image size-full\"><a href=\"https:\/\/www.laufamily-kungfu.com\/wp-content\/uploads\/2025\/03\/kungfu-classic-01.jpg\" data-lbwps-width=\"800\" data-lbwps-height=\"600\" data-lbwps-srcsmall=\"https:\/\/www.laufamily-kungfu.com\/wp-content\/uploads\/2025\/03\/kungfu-classic-01.jpg\"><img loading=\"lazy\" decoding=\"async\" width=\"800\" height=\"600\" src=\"https:\/\/www.laufamily-kungfu.com\/wp-content\/uploads\/2025\/03\/kungfu-classic-01.jpg\" alt=\"\" class=\"wp-image-1517\" srcset=\"https:\/\/www.laufamily-kungfu.com\/wp-content\/uploads\/2025\/03\/kungfu-classic-01.jpg 800w, https:\/\/www.laufamily-kungfu.com\/wp-content\/uploads\/2025\/03\/kungfu-classic-01-300x225.jpg 300w, https:\/\/www.laufamily-kungfu.com\/wp-content\/uploads\/2025\/03\/kungfu-classic-01-768x576.jpg 768w, https:\/\/www.laufamily-kungfu.com\/wp-content\/uploads\/2025\/03\/kungfu-classic-01-16x12.jpg 16w\" sizes=\"auto, (max-width: 800px) 100vw, 800px\" \/><\/a><\/figure>\n<\/div>\n\n\n\n<div class=\"wp-block-column is-layout-flow wp-block-column-is-layout-flow\">\n<figure class=\"wp-block-image size-full\"><a href=\"https:\/\/www.laufamily-kungfu.com\/wp-content\/uploads\/2025\/03\/kungfu-classic-02.jpg\" data-lbwps-width=\"800\" data-lbwps-height=\"600\" data-lbwps-srcsmall=\"https:\/\/www.laufamily-kungfu.com\/wp-content\/uploads\/2025\/03\/kungfu-classic-02.jpg\"><img loading=\"lazy\" decoding=\"async\" width=\"800\" height=\"600\" src=\"https:\/\/www.laufamily-kungfu.com\/wp-content\/uploads\/2025\/03\/kungfu-classic-02.jpg\" alt=\"\" class=\"wp-image-1518\" srcset=\"https:\/\/www.laufamily-kungfu.com\/wp-content\/uploads\/2025\/03\/kungfu-classic-02.jpg 800w, https:\/\/www.laufamily-kungfu.com\/wp-content\/uploads\/2025\/03\/kungfu-classic-02-300x225.jpg 300w, https:\/\/www.laufamily-kungfu.com\/wp-content\/uploads\/2025\/03\/kungfu-classic-02-768x576.jpg 768w, https:\/\/www.laufamily-kungfu.com\/wp-content\/uploads\/2025\/03\/kungfu-classic-02-16x12.jpg 16w\" sizes=\"auto, (max-width: 800px) 100vw, 800px\" \/><\/a><\/figure>\n<\/div>\n\n\n\n<div class=\"wp-block-column is-layout-flow wp-block-column-is-layout-flow\">\n<figure class=\"wp-block-image size-full\"><a href=\"https:\/\/www.laufamily-kungfu.com\/wp-content\/uploads\/2025\/03\/kungfu-classic-03.jpg\" data-lbwps-width=\"800\" data-lbwps-height=\"600\" data-lbwps-srcsmall=\"https:\/\/www.laufamily-kungfu.com\/wp-content\/uploads\/2025\/03\/kungfu-classic-03.jpg\"><img loading=\"lazy\" decoding=\"async\" width=\"800\" height=\"600\" src=\"https:\/\/www.laufamily-kungfu.com\/wp-content\/uploads\/2025\/03\/kungfu-classic-03.jpg\" alt=\"\" class=\"wp-image-1519\" srcset=\"https:\/\/www.laufamily-kungfu.com\/wp-content\/uploads\/2025\/03\/kungfu-classic-03.jpg 800w, https:\/\/www.laufamily-kungfu.com\/wp-content\/uploads\/2025\/03\/kungfu-classic-03-300x225.jpg 300w, https:\/\/www.laufamily-kungfu.com\/wp-content\/uploads\/2025\/03\/kungfu-classic-03-768x576.jpg 768w, https:\/\/www.laufamily-kungfu.com\/wp-content\/uploads\/2025\/03\/kungfu-classic-03-16x12.jpg 16w\" sizes=\"auto, (max-width: 800px) 100vw, 800px\" \/><\/a><\/figure>\n<\/div>\n<\/div>\n\n\n\n<div class=\"wp-block-group\"><div class=\"wp-block-group__inner-container is-layout-flow wp-block-group-is-layout-flow\">\n<div class=\"wp-block-group alignfull\"><div class=\"wp-block-group__inner-container is-layout-flow wp-block-group-is-layout-flow\">\n<p class=\"maxWidth1000\">In our ongoing courses, beginners and advanced students can join at any time and receive the best possible training in one (or both) of the most respected and effective Kung Fu styles of ancient China: the <strong><em>Hung Kuen Kung Fu<\/em><\/strong> of the Lau family and the <strong><em>Hung Sing Choy Lay Fut Kung Fu<\/em><\/strong>. Information on current courses and training times can be found <a href=\"https:\/\/www.laufamily-kungfu.com\/en\/trainingszeiten-und-preise\/\" data-type=\"page\" data-id=\"487\"><strong>here<\/strong><\/a>.<\/p>\n<\/div><\/div>\n<\/div><\/div>\n<\/div><\/div>\n\n\n\n<h2 class=\"wp-block-heading alignfull has-text-align-center h2k has-text-color\" style=\"color:#a22716;font-size:42px\">The Hung Kuen Kung Fu of the world-renowned Lau family<\/h2>\n\n\n\n<figure class=\"wp-block-image size-full\"><img loading=\"lazy\" decoding=\"async\" width=\"1600\" height=\"800\" src=\"https:\/\/www.laufamily-kungfu.com\/wp-content\/uploads\/2025\/03\/erwachsene-neu-01_neu.jpg\" alt=\"\" class=\"wp-image-1625\" srcset=\"https:\/\/www.laufamily-kungfu.com\/wp-content\/uploads\/2025\/03\/erwachsene-neu-01_neu.jpg 1600w, https:\/\/www.laufamily-kungfu.com\/wp-content\/uploads\/2025\/03\/erwachsene-neu-01_neu-300x150.jpg 300w, https:\/\/www.laufamily-kungfu.com\/wp-content\/uploads\/2025\/03\/erwachsene-neu-01_neu-768x384.jpg 768w, https:\/\/www.laufamily-kungfu.com\/wp-content\/uploads\/2025\/03\/erwachsene-neu-01_neu-1536x768.jpg 1536w, https:\/\/www.laufamily-kungfu.com\/wp-content\/uploads\/2025\/03\/erwachsene-neu-01_neu-18x9.jpg 18w, https:\/\/www.laufamily-kungfu.com\/wp-content\/uploads\/2025\/03\/erwachsene-neu-01_neu-1200x600.jpg 1200w\" sizes=\"auto, (max-width: 1600px) 100vw, 1600px\" \/><\/figure>\n\n\n\n<div class=\"wp-block-columns maxWidth1000 m-t-60 is-layout-flex wp-container-core-columns-is-layout-9d6595d7 wp-block-columns-is-layout-flex\">\n<div class=\"wp-block-column is-layout-flow wp-block-column-is-layout-flow\">\n<p>Hung Kuen Kung Fu is predominantly a highly effective close combat system which, like most Kung Fu styles, has its roots in the Shaolin monastery of historical China. Over the centuries, the style has been expanded, refined and adapted to the requirements of each era. In modern times, Kung Fu became known to an international audience mainly through the pioneering work of protagonists such as Bruce Lee or Lau Kar Leung.<\/p>\n\n\n\n<p>In the classes of the International Lau Family Hung Kuen Kung Fu Academy we teach the original. This means that we dedicate our training to the roots and applicability of Hung Kuen Kung Fu.<\/p>\n<\/div>\n\n\n\n<div class=\"wp-block-column is-layout-flow wp-block-column-is-layout-flow\">\n<p>International stars such as Chackie Chan, who were taught in the Hung Kuen of the Lau family for the film industry, were only allowed to learn parts of the complete, original style, adapted to the needs of the film set.<br><br>In the classes of the Lau Academy in Salzburg it is now possible - unique in the world - to learn the complete original system of Lau Family Hung Kuen Kung Fu for the first time.<br><br>We look forward to seeing you!<\/p>\n<\/div>\n\n\n\n<div class=\"wp-block-column is-layout-flow wp-block-column-is-layout-flow\">\n<figure class=\"wp-block-image size-full m-t-0 m-b-10\"><img loading=\"lazy\" decoding=\"async\" width=\"510\" height=\"740\" src=\"https:\/\/www.laufamily-kungfu.com\/wp-content\/uploads\/2025\/03\/lau-kar-yung-and-jau-chi-hang.jpg\" alt=\"Jau Chi Hang Sifu mit Grandmaster Lau Kar Yung (Keeper of the Style)\" class=\"wp-image-1498\" srcset=\"https:\/\/www.laufamily-kungfu.com\/wp-content\/uploads\/2025\/03\/lau-kar-yung-and-jau-chi-hang.jpg 510w, https:\/\/www.laufamily-kungfu.com\/wp-content\/uploads\/2025\/03\/lau-kar-yung-and-jau-chi-hang-207x300.jpg 207w, https:\/\/www.laufamily-kungfu.com\/wp-content\/uploads\/2025\/03\/lau-kar-yung-and-jau-chi-hang-8x12.jpg 8w\" sizes=\"auto, (max-width: 510px) 100vw, 510px\" \/><\/figure>\n\n\n\n<p><strong><em>Jau Chi Hang Sifu and Grandmaster Lau Kar Yung (Keeper of the Style)<\/em><\/strong><\/p>\n<\/div>\n<\/div>\n\n\n\n<h2 class=\"wp-block-heading alignfull has-text-align-center h2k has-text-color\" style=\"color:#a22716;font-size:42px\">The Hung Sing Choy Lay Fut Kung Fu according to Chan Heung<\/h2>\n\n\n\n<figure class=\"wp-block-image size-full\"><img loading=\"lazy\" decoding=\"async\" width=\"1600\" height=\"800\" src=\"https:\/\/www.laufamily-kungfu.com\/wp-content\/uploads\/2025\/03\/erwachsene-choy-lay-fut.jpg\" alt=\"\" class=\"wp-image-1522\" srcset=\"https:\/\/www.laufamily-kungfu.com\/wp-content\/uploads\/2025\/03\/erwachsene-choy-lay-fut.jpg 1600w, https:\/\/www.laufamily-kungfu.com\/wp-content\/uploads\/2025\/03\/erwachsene-choy-lay-fut-300x150.jpg 300w, https:\/\/www.laufamily-kungfu.com\/wp-content\/uploads\/2025\/03\/erwachsene-choy-lay-fut-768x384.jpg 768w, https:\/\/www.laufamily-kungfu.com\/wp-content\/uploads\/2025\/03\/erwachsene-choy-lay-fut-1536x768.jpg 1536w, https:\/\/www.laufamily-kungfu.com\/wp-content\/uploads\/2025\/03\/erwachsene-choy-lay-fut-18x9.jpg 18w, https:\/\/www.laufamily-kungfu.com\/wp-content\/uploads\/2025\/03\/erwachsene-choy-lay-fut-1200x600.jpg 1200w\" sizes=\"auto, (max-width: 1600px) 100vw, 1600px\" \/><\/figure>\n\n\n\n<div class=\"wp-block-columns maxWidth1000 m-t-60 is-layout-flex wp-container-core-columns-is-layout-9d6595d7 wp-block-columns-is-layout-flex\">\n<div class=\"wp-block-column is-layout-flow wp-block-column-is-layout-flow\">\n<p>Choy Lay Fut (pronounced: Tschoi Lei Fat) Kung Fu is a traditional Chinese martial art that also has its roots in the Shaolin temples of ancient China. It combines the nimble footwork of the \u2018Northern\u2019 Kung Fu systems with the elaborate hand techniques of the \u2018Southern\u2019 Kung Fu styles. <\/p>\n\n\n\n<p>The founder of the Choy Lay Fut Kung Fu style \u2018Chan Heung\u2019 united the Kung Fu styles of his 3 masters around the year 1836.  The first was the Fut Gar style of his uncle \u2018Chan Yuen-Wu\u2019, the second the Lay Gar style of the monk Lay Yau-San from the Southern Shaolin Temple and the third the Choy Gar style of the monk Choy Fook from the Northern Shaolin Temple.<\/p>\n<\/div>\n\n\n\n<div class=\"wp-block-column is-layout-flow wp-block-column-is-layout-flow\">\n<p>He thus created one of the fastest and most complete Chinese styles, which is now widespread throughout the world. <\/p>\n\n\n\n<p>Due to its all-round positive effect on fighting fitness, health and self-confidence, it is a real \u2018treasure\u2019 for every serious practitioner.<\/p>\n\n\n\n<p>You can find a detailed description and other interesting information about Choy lay Fut Kung Fu (listed there under one of the many alternative spellings, Choy Li Fut) on Wikipedia. Click here for the <a href=\"https:\/\/en.wikipedia.org\/wiki\/Choy_Li_Fut\" target=\"_blank\" rel=\"noreferrer noopener\">Article<\/a>.<\/p>\n<\/div>\n\n\n\n<div class=\"wp-block-column is-layout-flow wp-block-column-is-layout-flow\">\n<figure class=\"wp-block-image size-full m-t-0 m-b-10\"><img loading=\"lazy\" decoding=\"async\" width=\"600\" height=\"800\" src=\"https:\/\/www.laufamily-kungfu.com\/wp-content\/uploads\/2025\/03\/Jau-Chi-Hang-Sifu-mit-Grandmaster-Doc-Fai-Wong-und-Kung-Fu-Meister-Fong-Ah-Man.jpg\" alt=\"\" class=\"wp-image-1523\" srcset=\"https:\/\/www.laufamily-kungfu.com\/wp-content\/uploads\/2025\/03\/Jau-Chi-Hang-Sifu-mit-Grandmaster-Doc-Fai-Wong-und-Kung-Fu-Meister-Fong-Ah-Man.jpg 600w, https:\/\/www.laufamily-kungfu.com\/wp-content\/uploads\/2025\/03\/Jau-Chi-Hang-Sifu-mit-Grandmaster-Doc-Fai-Wong-und-Kung-Fu-Meister-Fong-Ah-Man-225x300.jpg 225w, https:\/\/www.laufamily-kungfu.com\/wp-content\/uploads\/2025\/03\/Jau-Chi-Hang-Sifu-mit-Grandmaster-Doc-Fai-Wong-und-Kung-Fu-Meister-Fong-Ah-Man-9x12.jpg 9w\" sizes=\"auto, (max-width: 600px) 100vw, 600px\" \/><\/figure>\n\n\n\n<p><strong><em>Jau Chi Hang Sifu with Grandmaster Doc Fai Wong and Kung Fu Master Fong Ah Man (CLF pioneer in German-speaking countries)<\/em><\/strong><\/p>\n<\/div>\n<\/div>\n\n\n\n<div class=\"wp-block-group grauerKasten uebungenBg\"><div class=\"wp-block-group__inner-container is-layout-constrained wp-block-group-is-layout-constrained\">\n<h2 class=\"wp-block-heading has-text-align-center\" style=\"font-size:42px\">The traditional kung fu styles Hung Kuen &amp; Choy Lay Fut Kung Fu - A brief comparison<\/h2>\n\n\n\n<div class=\"wp-block-columns is-layout-flex wp-container-core-columns-is-layout-9d6595d7 wp-block-columns-is-layout-flex\">\n<div class=\"wp-block-column is-layout-flow wp-block-column-is-layout-flow\">\n<p><strong>Hung Kuen or Hung Gar Kung Fu<\/strong><em> <\/em><br><em>(mandarin: \u6d2a\u5bb6\u62f3 &#8211; H\u00f3ng Ji\u0101 Qu\u00e1n)<\/em><\/p>\n\n\n\n<p><strong>- Origin: <\/strong>Southern Shaolin style, originated in the province of Guangdong.<\/p>\n\n\n\n<p>\u2022<strong> Philosophy:<\/strong> The style is inspired by the five animal styles (tiger, crane, leopard, snake, dragon) and the five elements. It emphasises strength, stability and mental discipline.<\/p>\n\n\n\n<p>\u2022<strong> Characteristics: <\/strong>Deep, stable stalls (e.g. the horse stall).<br>Combination of powerful, slow and fast, explosive movements. Focus on breathing techniques (Qi Gong) and inner strength.<\/p>\n\n\n\n<p>\u2022<strong> Intended audience: <\/strong>For students who want to learn strength, discipline and traditional martial arts with a strong foundation.<\/p>\n<\/div>\n\n\n\n<div class=\"wp-block-column is-layout-flow wp-block-column-is-layout-flow\">\n<p><strong>Choy Li Fut Kung Fu <\/strong><br><em>(mandarin: \u8521\u674e\u4f5b &#8211; C\u00e0i L\u01d0 F\u00f3)<\/em><\/p>\n\n\n\n<p><strong>- Origin: <\/strong>Developed in Guangdong province, named after the founders and inspired by Shaolin practices.<\/p>\n\n\n\n<p>\u2022 <strong>Philosophy:<\/strong> A combination of effectiveness and elegance. The style focusses on fending off several opponents at the same time and from different angles.<\/p>\n\n\n\n<p>\u2022<strong> Characteristics: <\/strong>Dynamic, circular movements that control distance. Combination of long-range punches, fast kicks and accurate blocks. Strong focus on conditioning and flow of movement.<\/p>\n\n\n\n<p>\u2022 <strong>Intended audience: <\/strong>Particularly suitable for students who want to learn the most effective self-defence and fighting techniques with dynamic and aesthetic forms of movement.<\/p>\n<\/div>\n<\/div>\n<\/div><\/div>\n\n\n\n<div class=\"wp-block-group\"><div class=\"wp-block-group__inner-container is-layout-constrained wp-block-group-is-layout-constrained\">\n<h2 class=\"wp-block-heading has-text-align-center m-t-60 m-b-30 has-text-color has-link-color wp-elements-37f725c93749b4cb537b69f10945b62a\" style=\"color:#bd220d;font-size:42px\">Similarities between both styles<\/h2>\n<\/div><\/div>\n\n\n\n<div class=\"wp-block-columns is-layout-flex wp-container-core-columns-is-layout-9d6595d7 wp-block-columns-is-layout-flex\">\n<div class=\"wp-block-column is-layout-flow wp-block-column-is-layout-flow\">\n<h2 class=\"wp-block-heading\"><strong>Tradition and respect <\/strong><\/h2>\n\n\n\n<p>All three styles preserve the values of the Chinese martial arts tradition.<\/p>\n<\/div>\n\n\n\n<div class=\"wp-block-column is-layout-flow wp-block-column-is-layout-flow\">\n<h2 class=\"wp-block-heading\"><strong>Holistic development <\/strong><\/h2>\n\n\n\n<p>Physical strength, mental discipline and inner harmony take centre stage.<\/p>\n<\/div>\n\n\n\n<div class=\"wp-block-column is-layout-flow wp-block-column-is-layout-flow\">\n<h2 class=\"wp-block-heading\"><strong>Training of mind &amp; body<\/strong> <\/h2>\n\n\n\n<p>In addition to techniques, emphasis is placed on concentration, breathing, awareness and energy flow.<\/p>\n<\/div>\n<\/div>\n\n\n\n<div class=\"wp-block-columns is-layout-flex wp-container-core-columns-is-layout-9d6595d7 wp-block-columns-is-layout-flex\">\n<div class=\"wp-block-column is-layout-flow wp-block-column-is-layout-flow\" style=\"flex-basis:100%\">\n<div class=\"wp-block-group\"><div class=\"wp-block-group__inner-container is-layout-flow wp-block-group-is-layout-flow\">\n<div class=\"wp-block-group alignfull maxWidth1000 has-primary-color has-subtle-background-background-color has-text-color has-background\"><div class=\"wp-block-group__inner-container is-layout-flow wp-block-group-is-layout-flow\">\n<h2 class=\"wp-block-heading has-text-align-center m-t-20 m-b-10\" style=\"font-size:42px\">free trial training<\/h2>\n\n\n\n<p class=\"has-text-align-center\"><br>To arrange a free trial training for one or both Kung Fu styles at our Kung Fu Academy, please contact us via the <a href=\"https:\/\/www.laufamily-kungfu.com\/en\/kontakt\/\" data-type=\"URL\" data-id=\"https:\/\/www.laufamily-kungfu.com\/kontakt\/\">Contact form<\/a> or call us at<\/p>\n\n\n\n<p class=\"has-text-align-center has-larger-font-size\">+43 (0)681 \/ 81 81 86 90<\/p>\n<\/div><\/div>\n\n\n\n<figure class=\"wp-block-image alignfull size-full roteTrennlinie\"><img loading=\"lazy\" decoding=\"async\" width=\"100\" height=\"4\" src=\"https:\/\/www.laufamily-kungfu.com\/wp-content\/uploads\/2020\/07\/trennlinie.png\" alt=\"\" class=\"wp-image-139\"\/><\/figure>\n<\/div><\/div>\n<\/div>\n<\/div>\n\n\n\n<p class=\"has-text-align-center newsKasten2\"> <a href=\"http:\/\/www.laufamily-kungfu.com\/en\/kontakt\/\">contact us now<\/a><\/p>","protected":false},"excerpt":{"rendered":"<p>Kurse f\u00fcr Jugendliche und Erwachsene In unseren fortlaufenden Kursen kann man als Anf\u00e4nger und Fortgeschrittener jederzeit einsteigen und erh\u00e4lt die bestm\u00f6gliche Ausbildung in einem (oder beiden) der angesehensten und effektivsten Kung Fu Stile des alten China: dem Hung Kuen Kung Fu der Lau Familie sowie dem Hung Sing Choy Lay Fut Kung Fu. Informationen zu [&hellip;]<\/p>","protected":false},"author":1,"featured_media":0,"parent":0,"menu_order":0,"comment_status":"closed","ping_status":"closed","template":"templates\/template-full-width.php","meta":{"footnotes":""},"class_list":["post-777","page","type-page","status-publish","hentry"],"_links":{"self":[{"href":"https:\/\/www.laufamily-kungfu.com\/en\/wp-json\/wp\/v2\/pages\/777","targetHints":{"allow":["GET"]}}],"collection":[{"href":"https:\/\/www.laufamily-kungfu.com\/en\/wp-json\/wp\/v2\/pages"}],"about":[{"href":"https:\/\/www.laufamily-kungfu.com\/en\/wp-json\/wp\/v2\/types\/page"}],"author":[{"embeddable":true,"href":"https:\/\/www.laufamily-kungfu.com\/en\/wp-json\/wp\/v2\/users\/1"}],"replies":[{"embeddable":true,"href":"https:\/\/www.laufamily-kungfu.com\/en\/wp-json\/wp\/v2\/comments?post=777"}],"version-history":[{"count":69,"href":"https:\/\/www.laufamily-kungfu.com\/en\/wp-json\/wp\/v2\/pages\/777\/revisions"}],"predecessor-version":[{"id":1641,"href":"https:\/\/www.laufamily-kungfu.com\/en\/wp-json\/wp\/v2\/pages\/777\/revisions\/1641"}],"wp:attachment":[{"href":"https:\/\/www.laufamily-kungfu.com\/en\/wp-json\/wp\/v2\/media?parent=777"}],"curies":[{"name":"wp","href":"https:\/\/api.w.org\/{rel}","templated":true}]}}