{"id":676,"date":"2021-10-08T07:35:57","date_gmt":"2021-10-08T07:35:57","guid":{"rendered":"https:\/\/www.laufamily-kungfu.com\/?page_id=676"},"modified":"2025-10-20T07:52:38","modified_gmt":"2025-10-20T07:52:38","slug":"kids-kungfu","status":"publish","type":"page","link":"https:\/\/www.laufamily-kungfu.com\/en\/kids-kungfu\/","title":{"rendered":"Courses for Kids"},"content":{"rendered":"<figure class=\"wp-block-image alignfull size-large BannerKidsKungfu\"><img loading=\"lazy\" decoding=\"async\" width=\"300\" height=\"320\" src=\"https:\/\/www.laufamily-kungfu.com\/wp-content\/uploads\/2020\/07\/hung_kuen_lau_family_kung_fu_europe_300.png\" alt=\"\" class=\"wp-image-181\" srcset=\"https:\/\/www.laufamily-kungfu.com\/wp-content\/uploads\/2020\/07\/hung_kuen_lau_family_kung_fu_europe_300.png 300w, https:\/\/www.laufamily-kungfu.com\/wp-content\/uploads\/2020\/07\/hung_kuen_lau_family_kung_fu_europe_300-281x300.png 281w\" sizes=\"auto, (max-width: 300px) 100vw, 300px\" \/><\/figure>\n\n\n\n<div class=\"wp-block-group\"><div class=\"wp-block-group__inner-container is-layout-flow wp-block-group-is-layout-flow\">\n<div class=\"wp-block-group\"><div class=\"wp-block-group__inner-container is-layout-flow wp-block-group-is-layout-flow\">\n<figure class=\"wp-block-image alignwide size-large roteTrennlinie\"><img loading=\"lazy\" decoding=\"async\" width=\"100\" height=\"4\" src=\"https:\/\/www.laufamily-kungfu.com\/wp-content\/uploads\/2020\/07\/trennlinie.png\" alt=\"\" class=\"wp-image-139\"\/><\/figure>\n\n\n\n<div class=\"wp-block-group\"><div class=\"wp-block-group__inner-container is-layout-flow wp-block-group-is-layout-flow\">\n<h2 class=\"wp-block-heading has-text-align-center\" style=\"font-size:42px\">WHY MARTIAL ARTS FOR KIDS?<\/h2>\n<\/div><\/div>\n\n\n\n<figure class=\"wp-block-image alignwide size-large roteTrennlinie\"><img loading=\"lazy\" decoding=\"async\" width=\"100\" height=\"4\" src=\"https:\/\/www.laufamily-kungfu.com\/wp-content\/uploads\/2020\/07\/trennlinie.png\" alt=\"\" class=\"wp-image-139\"\/><\/figure>\n<\/div><\/div>\n\n\n\n<div class=\"wp-block-group\"><div class=\"wp-block-group__inner-container is-layout-flow wp-block-group-is-layout-flow\">\n<div class=\"wp-block-group alignfull\"><div class=\"wp-block-group__inner-container is-layout-flow wp-block-group-is-layout-flow\">\n<p class=\"has-text-align-left\"> Traditional Kung Fu supports the healthy development of a child in a holistic way. In children's training, fighting or self-defence is not always the first priority. The child-oriented training in Kung Fu also teaches essential skills and abilities that serve the development of a healthy, honest and responsible person. <\/p>\n<\/div><\/div>\n<\/div><\/div>\n<\/div><\/div>\n\n\n\n<div class=\"wp-block-group liste has-primary-color has-subtle-background-background-color has-text-color has-background\"><div class=\"wp-block-group__inner-container is-layout-flow wp-block-group-is-layout-flow\">\n<h2 class=\"wp-block-heading has-text-align-center\">This includes a physical, psychological and social level:<\/h2>\n\n\n<div  class=\"grids-section grids-is-stretch\" style=\"--_gs-gap-desktop:0px 0px;--_gs-m-desktop:0 0 0 0;--_gs-p-desktop:0 0 0 0;--_gs-bg-desktop:transparent none;--_gs-bg-xp-desktop:0px;--_gs-zi-desktop:auto;--_gs-d-desktop:block;--_gs-mw-desktop:calc(100% - 0 - 0);--_gs-gap-tablet:0px 0px;--_gs-m-tablet:0 0 0 0;--_gs-p-tablet:0 0 0 0;--_gs-bg-tablet:transparent none;--_gs-bg-xp-tablet:0px;--_gs-zi-tablet:auto;--_gs-d-tablet:block;--_gs-mw-tablet:calc(100% - 0 - 0);--_gs-gap-mobile:0px 0px;--_gs-m-mobile:0 0 0 0;--_gs-p-mobile:0 0 0 0;--_gs-bg-mobile:transparent none;--_gs-bg-xp-mobile:0px;--_gs-zi-mobile:auto;--_gs-d-mobile:block;--_gs-mw-mobile:calc(100% - 0 - 0);--_gs-columns:2;--_gs-rows:1\"><div class=\"grids-s-w_i\">\n<div class=\"grids-area\" style=\"--_ga-column:1\/2;--_ga-row:1\/2;--_ga-m-desktop:0 0 0 0;--_ga-p-desktop:0 0 0 0;--_ga-bg-desktop:transparent none;--_ga-zi-desktop:auto;--_ga-d-desktop:flex;--_ga-mw-desktop:calc(100% - 0 - 0);--_ga-m-tablet:0 0 0 0;--_ga-p-tablet:0 0 0 0;--_ga-bg-tablet:transparent none;--_ga-zi-tablet:auto;--_ga-d-tablet:flex;--_ga-mw-tablet:calc(100% - 0 - 0);--_ga-m-mobile:0 0 0 0;--_ga-p-mobile:0 0 0 0;--_ga-bg-mobile:transparent none;--_ga-zi-mobile:auto;--_ga-d-mobile:flex;--_ga-mw-mobile:calc(100% - 0 - 0)\">\n\n<ul class=\"wp-block-list\">\n<li>Concentration and stamina,<\/li>\n\n\n\n<li>Coordination and body control,<\/li>\n\n\n\n<li>Self-confidence and self-esteem,<\/li>\n<\/ul>\n\n<\/div>\n\n<div class=\"grids-area\" style=\"--_ga-column:2\/3;--_ga-row:1\/2;--_ga-m-desktop:0 0 0 0;--_ga-p-desktop:0 0 0 0;--_ga-bg-desktop:transparent none;--_ga-zi-desktop:auto;--_ga-d-desktop:flex;--_ga-mw-desktop:calc(100% - 0 - 0);--_ga-m-tablet:0 0 0 0;--_ga-p-tablet:0 0 0 0;--_ga-bg-tablet:transparent none;--_ga-zi-tablet:auto;--_ga-d-tablet:flex;--_ga-mw-tablet:calc(100% - 0 - 0);--_ga-m-mobile:0 0 0 0;--_ga-p-mobile:0 0 0 0;--_ga-bg-mobile:transparent none;--_ga-zi-mobile:auto;--_ga-d-mobile:flex;--_ga-mw-mobile:calc(100% - 0 - 0)\">\n\n<ul class=\"wp-block-list\">\n<li>Fairness and peacefulness,<\/li>\n\n\n\n<li>Serenity and humor,<\/li>\n\n\n\n<li>Dscipline and mindfulness as well as appreciation and respect.<\/li>\n<\/ul>\n\n<\/div>\n<\/div><\/div>\n\n\n\n<\/div><\/div>\n\n\n\n<h2 class=\"wp-block-heading alignfull has-text-align-center h2k has-text-color\" style=\"color:#a22716\">cultivation of body and mind<\/h2>\n\n\n<div  class=\"grids-section grids-is-stretch\" style=\"--_gs-gap-desktop:0px 0px;--_gs-m-desktop:0 0 0 0;--_gs-p-desktop:0 0 0 0;--_gs-bg-desktop:transparent none;--_gs-bg-xp-desktop:0px;--_gs-zi-desktop:auto;--_gs-d-desktop:block;--_gs-mw-desktop:calc(100% - 0 - 0);--_gs-gap-tablet:0px 0px;--_gs-m-tablet:0 0 0 0;--_gs-p-tablet:0 0 0 0;--_gs-bg-tablet:transparent none;--_gs-bg-xp-tablet:0px;--_gs-zi-tablet:auto;--_gs-d-tablet:block;--_gs-mw-tablet:calc(100% - 0 - 0);--_gs-gap-mobile:0px 0px;--_gs-m-mobile:0 0 0 0;--_gs-p-mobile:0 0 0 0;--_gs-bg-mobile:transparent none;--_gs-bg-xp-mobile:0px;--_gs-zi-mobile:auto;--_gs-d-mobile:block;--_gs-mw-mobile:calc(100% - 0 - 0);--_gs-columns:2;--_gs-rows:1\"><div class=\"grids-s-w_i\">\n<div class=\"grids-area\" style=\"--_ga-column:1\/2;--_ga-row:1\/2;--_ga-m-desktop:0 0 0 0;--_ga-p-desktop:20px 20px 0px 20px;--_ga-bg-desktop:transparent none;--_ga-zi-desktop:auto;--_ga-d-desktop:flex;--_ga-mw-desktop:calc(100% - 0 - 0);--_ga-m-tablet:0 0 0 0;--_ga-p-tablet:20px 20px 0px 20px;--_ga-bg-tablet:transparent none;--_ga-zi-tablet:auto;--_ga-d-tablet:flex;--_ga-mw-tablet:calc(100% - 0 - 0);--_ga-m-mobile:0 0 0 0;--_ga-p-mobile:20px 20px 0px 20px;--_ga-bg-mobile:transparent none;--_ga-zi-mobile:auto;--_ga-d-mobile:flex;--_ga-mw-mobile:calc(100% - 0 - 0)\">\n\n<p>As the name martial art suggests, the focus of the methods and objectives used in Kung Fu is not the realisation of a \"sporting career\". Rather, traditional Kung Fu is - in short - an ancient Chinese skill that has been handed down and proven for centuries to cultivate body and mind in the best possible way.<br><br>In traditional martial arts, learning to fight in the original way plays a prominent role. If this were not the case, one would probably have to speak of a traditional art of movement.<\/p>\n\n<\/div>\n\n<div class=\"grids-area\" style=\"--_ga-column:2\/3;--_ga-row:1\/2;--_ga-m-desktop:0 0 0 0;--_ga-p-desktop:20px 20px 0px 20px;--_ga-bg-desktop:transparent none;--_ga-zi-desktop:auto;--_ga-d-desktop:flex;--_ga-mw-desktop:calc(100% - 0 - 0);--_ga-m-tablet:0 0 0 0;--_ga-p-tablet:20px 20px 0px 20px;--_ga-bg-tablet:transparent none;--_ga-zi-tablet:auto;--_ga-d-tablet:flex;--_ga-mw-tablet:calc(100% - 0 - 0);--_ga-m-mobile:0 0 0 0;--_ga-p-mobile:20px 20px 0px 20px;--_ga-bg-mobile:transparent none;--_ga-zi-mobile:auto;--_ga-d-mobile:flex;--_ga-mw-mobile:calc(100% - 0 - 0)\">\n\n<p>Therefore, the children learn in our classes how to defend themselves effectively against attacks and how to realistically assess the threat of a situation. There are natural, physical limits to children's ability to defend themselves, which are constantly expanded with increasing age through regular training.<br><br>Concentration and body control thereby enable an equally continuous growth in self-awareness and self-confidence in one's own abilities as well as judgement.<\/p>\n\n\n\n\n\n<\/div>\n<\/div><\/div>\n\n<div  class=\"grids-section grids-is-stretch\" style=\"--_gs-gap-desktop:0px 0px;--_gs-m-desktop:0 0 0 0;--_gs-p-desktop:0 0 0 0;--_gs-bg-desktop:transparent none;--_gs-bg-xp-desktop:0px;--_gs-zi-desktop:auto;--_gs-d-desktop:block;--_gs-mw-desktop:calc(100% - 0 - 0);--_gs-gap-tablet:0px 0px;--_gs-m-tablet:0 0 0 0;--_gs-p-tablet:0 0 0 0;--_gs-bg-tablet:transparent none;--_gs-bg-xp-tablet:0px;--_gs-zi-tablet:auto;--_gs-d-tablet:block;--_gs-mw-tablet:calc(100% - 0 - 0);--_gs-gap-mobile:0px 0px;--_gs-m-mobile:0 0 0 0;--_gs-p-mobile:0 0 0 0;--_gs-bg-mobile:transparent none;--_gs-bg-xp-mobile:0px;--_gs-zi-mobile:auto;--_gs-d-mobile:block;--_gs-mw-mobile:calc(100% - 0 - 0);--_gs-columns:1;--_gs-rows:1\"><div class=\"grids-s-w_i\">\n<div class=\"grids-area\" style=\"--_ga-column:1\/2;--_ga-row:1\/2;--_ga-m-desktop:0 0 0 0;--_ga-p-desktop:0px 20px 20px 20px;--_ga-bg-desktop:transparent none;--_ga-zi-desktop:auto;--_ga-d-desktop:flex;--_ga-mw-desktop:calc(100% - 0 - 0);--_ga-m-tablet:0 0 0 0;--_ga-p-tablet:0px 20px 20px 20px;--_ga-bg-tablet:transparent none;--_ga-zi-tablet:auto;--_ga-d-tablet:flex;--_ga-mw-tablet:calc(100% - 0 - 0);--_ga-m-mobile:0 0 0 0;--_ga-p-mobile:0px 20px 20px 20px;--_ga-bg-mobile:transparent none;--_ga-zi-mobile:auto;--_ga-d-mobile:flex;--_ga-mw-mobile:calc(100% - 0 - 0)\">\n\n<p class=\"has-text-align-center\">In the children's training we also attach great importance to teaching mindfulness and appreciation in order to ensure a responsible approach to what is learned.<\/p>\n\n<\/div>\n<\/div><\/div>\n\n\n<div class=\"wp-block-group\"><div class=\"wp-block-group__inner-container is-layout-flow wp-block-group-is-layout-flow\">\n<figure class=\"wp-block-image alignwide size-large roteTrennlinie\"><img loading=\"lazy\" decoding=\"async\" width=\"100\" height=\"4\" src=\"https:\/\/www.laufamily-kungfu.com\/wp-content\/uploads\/2020\/07\/trennlinie.png\" alt=\"\" class=\"wp-image-139\"\/><\/figure>\n\n\n\n<div class=\"wp-block-group\"><div class=\"wp-block-group__inner-container is-layout-flow wp-block-group-is-layout-flow\">\n<h2 class=\"wp-block-heading has-text-align-center\" style=\"font-size:42px\">The Kids Kung Fu Team<\/h2>\n<\/div><\/div>\n\n\n\n<figure class=\"wp-block-image alignwide size-large roteTrennlinie\"><img loading=\"lazy\" decoding=\"async\" width=\"100\" height=\"4\" src=\"https:\/\/www.laufamily-kungfu.com\/wp-content\/uploads\/2020\/07\/trennlinie.png\" alt=\"\" class=\"wp-image-139\"\/><\/figure>\n<\/div><\/div>\n\n\n\n<div class=\"wp-block-columns is-layout-flex wp-container-core-columns-is-layout-9d6595d7 wp-block-columns-is-layout-flex\">\n<div class=\"wp-block-column is-layout-flow wp-block-column-is-layout-flow\">\n<figure class=\"wp-block-image size-full\"><a href=\"https:\/\/www.laufamily-kungfu.com\/wp-content\/uploads\/2023\/12\/kids-kungfu_05.jpg\" data-lbwps-width=\"1055\" data-lbwps-height=\"890\" data-lbwps-srcsmall=\"https:\/\/www.laufamily-kungfu.com\/wp-content\/uploads\/2023\/12\/kids-kungfu_05.jpg\"><img loading=\"lazy\" decoding=\"async\" width=\"1055\" height=\"890\" src=\"https:\/\/www.laufamily-kungfu.com\/wp-content\/uploads\/2023\/12\/kids-kungfu_05.jpg\" alt=\"\" class=\"wp-image-1305\" srcset=\"https:\/\/www.laufamily-kungfu.com\/wp-content\/uploads\/2023\/12\/kids-kungfu_05.jpg 1055w, https:\/\/www.laufamily-kungfu.com\/wp-content\/uploads\/2023\/12\/kids-kungfu_05-300x253.jpg 300w, https:\/\/www.laufamily-kungfu.com\/wp-content\/uploads\/2023\/12\/kids-kungfu_05-768x648.jpg 768w, https:\/\/www.laufamily-kungfu.com\/wp-content\/uploads\/2023\/12\/kids-kungfu_05-14x12.jpg 14w\" sizes=\"auto, (max-width: 1055px) 100vw, 1055px\" \/><\/a><\/figure>\n<\/div>\n\n\n\n<div class=\"wp-block-column is-layout-flow wp-block-column-is-layout-flow\">\n<figure class=\"wp-block-image size-full\"><a href=\"https:\/\/www.laufamily-kungfu.com\/wp-content\/uploads\/2021\/11\/kids-kungfu_02.png\" data-lbwps-width=\"659\" data-lbwps-height=\"556\" data-lbwps-srcsmall=\"https:\/\/www.laufamily-kungfu.com\/wp-content\/uploads\/2021\/11\/kids-kungfu_02.png\"><img loading=\"lazy\" decoding=\"async\" width=\"659\" height=\"556\" src=\"https:\/\/www.laufamily-kungfu.com\/wp-content\/uploads\/2021\/11\/kids-kungfu_02.png\" alt=\"\" class=\"wp-image-739\" srcset=\"https:\/\/www.laufamily-kungfu.com\/wp-content\/uploads\/2021\/11\/kids-kungfu_02.png 659w, https:\/\/www.laufamily-kungfu.com\/wp-content\/uploads\/2021\/11\/kids-kungfu_02-300x253.png 300w, https:\/\/www.laufamily-kungfu.com\/wp-content\/uploads\/2021\/11\/kids-kungfu_02-14x12.png 14w\" sizes=\"auto, (max-width: 659px) 100vw, 659px\" \/><\/a><\/figure>\n<\/div>\n\n\n\n<div class=\"wp-block-column is-layout-flow wp-block-column-is-layout-flow\">\n<figure class=\"wp-block-image size-full\"><a href=\"https:\/\/www.laufamily-kungfu.com\/wp-content\/uploads\/2023\/12\/kids-kungfu_04a.jpg\" data-lbwps-width=\"1055\" data-lbwps-height=\"890\" data-lbwps-srcsmall=\"https:\/\/www.laufamily-kungfu.com\/wp-content\/uploads\/2023\/12\/kids-kungfu_04a.jpg\"><img loading=\"lazy\" decoding=\"async\" width=\"1055\" height=\"890\" src=\"https:\/\/www.laufamily-kungfu.com\/wp-content\/uploads\/2023\/12\/kids-kungfu_04a.jpg\" alt=\"\" class=\"wp-image-1313\" srcset=\"https:\/\/www.laufamily-kungfu.com\/wp-content\/uploads\/2023\/12\/kids-kungfu_04a.jpg 1055w, https:\/\/www.laufamily-kungfu.com\/wp-content\/uploads\/2023\/12\/kids-kungfu_04a-300x253.jpg 300w, https:\/\/www.laufamily-kungfu.com\/wp-content\/uploads\/2023\/12\/kids-kungfu_04a-768x648.jpg 768w, https:\/\/www.laufamily-kungfu.com\/wp-content\/uploads\/2023\/12\/kids-kungfu_04a-14x12.jpg 14w\" sizes=\"auto, (max-width: 1055px) 100vw, 1055px\" \/><\/a><\/figure>\n<\/div>\n<\/div>\n\n\n\n<h3 class=\"wp-block-heading has-text-align-center\">The children's training in Salzburg is led by Dennis Spies and his assistants. <\/h3>\n\n\n\n<div class=\"wp-block-columns is-layout-flex wp-container-core-columns-is-layout-9d6595d7 wp-block-columns-is-layout-flex\">\n<div class=\"wp-block-column is-layout-flow wp-block-column-is-layout-flow\">\n<p>Dennis is the son of Sifu Jau Chi Hang, the master of the Academy.<\/p>\n\n\n\n<p>From the age of 5, he studied directly with his father, who taught him Hung Sing Choy Lay Fut and the world-renowned Hung Kuen Kung Fu of the Lau family. Dennis also received exclusive access to \u201cInner Circle\u201d seminars and trainings with Grandmaster Lau Kar Jung.<\/p>\n\n\n\n<p>Dennis has been assisting and teaching in his father's Kung Fu schools since his early youth. In the meantime, he has been independently and successfully running a branch of Fu Pau Kung Fu Schools Germany in Traunstein for several years and is preparing to take over all of his father's Kung Fu schools by studying martial arts intensively.&nbsp;<\/p>\n\n\n\n\n<\/div>\n<\/div>\n\n\n\n\n\n\n\n<p class=\"has-text-align-center\"><\/p>\n\n\n\n<div class=\"wp-block-columns is-layout-flex wp-container-core-columns-is-layout-9d6595d7 wp-block-columns-is-layout-flex\">\n<div class=\"wp-block-column is-layout-flow wp-block-column-is-layout-flow\" style=\"flex-basis:100%\">\n<div class=\"wp-block-group\"><div class=\"wp-block-group__inner-container is-layout-flow wp-block-group-is-layout-flow\">\n<figure class=\"wp-block-image alignfull size-full roteTrennlinie\"><img loading=\"lazy\" decoding=\"async\" width=\"100\" height=\"4\" src=\"https:\/\/www.laufamily-kungfu.com\/wp-content\/uploads\/2020\/07\/trennlinie.png\" alt=\"\" class=\"wp-image-139\"\/><\/figure>\n\n\n\n<div class=\"wp-block-group alignfull has-primary-color has-subtle-background-background-color has-text-color has-background\"><div class=\"wp-block-group__inner-container is-layout-flow wp-block-group-is-layout-flow\">\n<h2 class=\"wp-block-heading has-text-align-center\">free trial training<\/h2>\n\n\n\n<p class=\"has-text-align-center translation-block\">To arrange a free trial training for your child at our Kung Fu Academy, please write to us via the <a href=\"https:\/\/www.laufamily-kungfu.com\/en\/kontakt\/\" data-type=\"URL\" data-id=\"https:\/\/www.laufamily-kungfu.com\/kontakt\/\" target=\"_self\">contact form<\/a> or call us on<\/p>\n\n\n\n<p class=\"has-text-align-center has-larger-font-size\">+43 (0)681 \/ 81 81 86 90<\/p>\n\n\n\n<p class=\"has-text-align-center\"><br>Alternatively, you can simply drop by without obligation on one of the two training days for Kung Fu Kids (Mondays or Thursdays) at the Academy on Mirabellplatz during the <a href=\"https:\/\/www.laufamily-kungfu.com\/en\/trainingszeiten-und-preise\/\" data-type=\"page\" data-id=\"487\">teaching times<\/a> .<\/p>\n<\/div><\/div>\n\n\n\n<figure class=\"wp-block-image alignfull size-full roteTrennlinie\"><img loading=\"lazy\" decoding=\"async\" width=\"100\" height=\"4\" src=\"https:\/\/www.laufamily-kungfu.com\/wp-content\/uploads\/2020\/07\/trennlinie.png\" alt=\"\" class=\"wp-image-139\"\/><\/figure>\n<\/div><\/div>\n<\/div>\n<\/div>\n\n\n\n<p class=\"has-text-align-center newsKasten2\"> <a href=\"http:\/\/www.laufamily-kungfu.com\/en\/kontakt\/\">contact us now<\/a><\/p>","protected":false},"excerpt":{"rendered":"<p>WARUM KAMPFKUNST F\u00dcR KINDER? Traditionelles Kung Fu unterst\u00fctzt&nbsp; auf ganzheitliche Weise hervorragend&nbsp; die gesunde Entwicklung eines Kindes. Dabei steht im Kindertraining das K\u00e4mpfen oder die Selbstverteidigung nicht durchwegs an erster Stelle. \u00dcber das kindgerechte Training im Kung Fu werden zudem wesentliche F\u00e4hig- und Fertigkeiten geschult, die der Entwicklung eines gesunden, aufrichtigen und verantwortungsbereiten Menschen dienen. [&hellip;]<\/p>","protected":false},"author":1,"featured_media":0,"parent":0,"menu_order":0,"comment_status":"closed","ping_status":"closed","template":"templates\/template-full-width.php","meta":{"footnotes":""},"class_list":["post-676","page","type-page","status-publish","hentry"],"_links":{"self":[{"href":"https:\/\/www.laufamily-kungfu.com\/en\/wp-json\/wp\/v2\/pages\/676","targetHints":{"allow":["GET"]}}],"collection":[{"href":"https:\/\/www.laufamily-kungfu.com\/en\/wp-json\/wp\/v2\/pages"}],"about":[{"href":"https:\/\/www.laufamily-kungfu.com\/en\/wp-json\/wp\/v2\/types\/page"}],"author":[{"embeddable":true,"href":"https:\/\/www.laufamily-kungfu.com\/en\/wp-json\/wp\/v2\/users\/1"}],"replies":[{"embeddable":true,"href":"https:\/\/www.laufamily-kungfu.com\/en\/wp-json\/wp\/v2\/comments?post=676"}],"version-history":[{"count":68,"href":"https:\/\/www.laufamily-kungfu.com\/en\/wp-json\/wp\/v2\/pages\/676\/revisions"}],"predecessor-version":[{"id":1912,"href":"https:\/\/www.laufamily-kungfu.com\/en\/wp-json\/wp\/v2\/pages\/676\/revisions\/1912"}],"wp:attachment":[{"href":"https:\/\/www.laufamily-kungfu.com\/en\/wp-json\/wp\/v2\/media?parent=676"}],"curies":[{"name":"wp","href":"https:\/\/api.w.org\/{rel}","templated":true}]}}