{"id":628,"date":"2021-08-26T07:19:39","date_gmt":"2021-08-26T07:19:39","guid":{"rendered":"https:\/\/www.laufamily-kungfu.com\/?page_id=628"},"modified":"2025-11-29T15:50:54","modified_gmt":"2025-11-29T15:50:54","slug":"impressum","status":"publish","type":"page","link":"https:\/\/www.laufamily-kungfu.com\/en\/impressum\/","title":{"rendered":"Imprint"},"content":{"rendered":"<div class=\"wp-block-group\"><div class=\"wp-block-group__inner-container is-layout-flow wp-block-group-is-layout-flow\">\n<div class=\"wp-block-group\"><div class=\"wp-block-group__inner-container is-layout-flow wp-block-group-is-layout-flow\">\n<figure class=\"wp-block-image alignwide size-large roteTrennlinie\"><img loading=\"lazy\" decoding=\"async\" width=\"100\" height=\"4\" src=\"https:\/\/www.laufamily-kungfu.com\/wp-content\/uploads\/2020\/07\/trennlinie.png\" alt=\"\" class=\"wp-image-139\"\/><\/figure>\n\n\n\n<div class=\"wp-block-group\"><div class=\"wp-block-group__inner-container is-layout-flow wp-block-group-is-layout-flow\">\n<h2 class=\"wp-block-heading has-text-align-center\" style=\"font-size:42px\">Imprint<\/h2>\n<\/div><\/div>\n\n\n\n<figure class=\"wp-block-image alignwide size-large roteTrennlinie\"><img loading=\"lazy\" decoding=\"async\" width=\"100\" height=\"4\" src=\"https:\/\/www.laufamily-kungfu.com\/wp-content\/uploads\/2020\/07\/trennlinie.png\" alt=\"\" class=\"wp-image-139\"\/><\/figure>\n<\/div><\/div>\n\n\n\n<div class=\"wp-block-group\"><div class=\"wp-block-group__inner-container is-layout-flow wp-block-group-is-layout-flow\">\n<div class=\"wp-block-group\"><div class=\"wp-block-group__inner-container is-layout-flow wp-block-group-is-layout-flow\"><\/div><\/div>\n<\/div><\/div>\n\n\n\n<p><strong>International Chinese Martial Arts Association<\/strong> \u2013 Art and culture association for the promotion and cultivation of traditional Chinese martial arts and qigong<br>Mirabellplatz 7<br>5020 Salzburg<br>Austria<\/p>\n\n\n\n<p>Non-profit organisation<br>ZVR - number: 1074062800<br>Register: Salzburg LPD sich.- u verwaltpol.Angel. SVA<br>Association headquarters: Salzburg<\/p>\n<\/div><\/div>\n\n\n\n<p>Contact<br>Phone: +43 (0)681 \/ 81 81 86 90<br>E-Mail: kontakt@laufamily-kungfu.com<\/p>\n\n\n\n<p><strong>Basic direction of the non-profit association (within the meaning of the Association Act): <\/strong>The purpose of our association is to promote and cultivate traditional Chinese martial arts and qigong.<\/p>\n\n\n\n<h3 class=\"wp-block-heading\">Media Owner<\/h3>\n\n\n\n<p><strong>International Chinese Martial Arts Association<\/strong>&nbsp;\u2013 Art and culture association for the promotion and cultivation of traditional Chinese martial arts and qigong<br>Mirabellplatz 7<br>5020 Salzburg<br>Austria<\/p>\n\n\n\n<h3 class=\"wp-block-heading\">Media policy pursuant to Section 25 (4) MedienG (Media Act):&nbsp;<\/h3>\n\n\n\n<p>The Lau Family Hung Kuen Kung Fu Academy website provides the public with information about the activities of the association\u00a0<strong>International Chinese Martial Arts Association<\/strong>.<\/p>\n\n\n\n<p>Disclaimer:<\/p>\n\n\n\n<p>Liability for links<\/p>\n\n\n\n<p>Our offer contains links to external websites of third parties, on whose contents we have no influence. Therefore, we cannot assume any liability for these external contents. The respective provider or operator of the pages is always responsible for the content of the linked pages. The linked pages were checked for possible legal violations at the time of linking. Illegal contents were not recognisable at the time of linking. However, permanent monitoring of the content of the linked pages is not reasonable without concrete indications of a legal violation. If we become aware of any infringements of the law, we will remove such links immediately.\n\nTranslated with www.DeepL.com\/Translator (free version)<\/p>\n\n\n\n<p>Copyright<\/p>\n\n\n\n<p>The contents and works created by the site operators on these pages are subject to German copyright law. Duplication, processing, distribution and any kind of exploitation outside the limits of copyright law require the written consent of the respective author or creator. Downloads and copies of this site are only permitted for private, non-commercial use. Insofar as the content on this site was not created by the operator, the copyrights of third parties are respected. In particular, third-party content is marked as such. Should you nevertheless become aware of a copyright infringement, please inform us accordingly. If we become aware of any infringements, we will remove such content immediately.<\/p>\n\n\n\n<p>Data privacy<\/p>\n\n\n\n<p>The use of our website is generally possible without providing personal data. Insofar as personal data (e.g. name, address or e-mail addresses) is collected on our pages, this is always done on a voluntary basis as far as possible. This data will not be passed on to third parties without your express consent.<br>We would like to point out that data transmission on the Internet (e.g. communication by e-mail) can have security gaps. Complete protection of data against access by third parties is not possible.<br>The use of contact data published within the scope of the imprint obligation by third parties for sending advertising and information material not expressly requested is hereby expressly prohibited. The operators of the pages expressly reserve the right to take legal action in the event of the unsolicited sending of advertising information, for example through spam mails.<\/p>\n\n\n\n<div class=\"wp-block-group\"><div class=\"wp-block-group__inner-container is-layout-flow wp-block-group-is-layout-flow\">\n<div class=\"wp-block-group\"><div class=\"wp-block-group__inner-container is-layout-flow wp-block-group-is-layout-flow\">\n<div class=\"wp-block-group\"><div class=\"wp-block-group__inner-container is-layout-flow wp-block-group-is-layout-flow\"><\/div><\/div>\n<\/div><\/div>\n<\/div><\/div>","protected":false},"excerpt":{"rendered":"<p>Impressum International Chinese Martial Arts Association &#8211; Kunst- und Kulturverein zur F\u00f6rderung und Kultivierung traditioneller chinesischer Kampf-Kunst und Qi GongMirabellplatz 75020 Salzburg\u00d6sterreich Rechtsform: Gemeinn\u00fctziger VereinZVR-ZAHL: 1074062800Register: Salzburg LPD sich.- u verwaltpol.Angel. SVAVereinssitz: Salzburg Kontakt:Telefon: +43 (0)681 \/ 81 81 86 90E-Mail: kontakt@laufamily-kungfu.com Grundlegende Richtung des gemeinn\u00fctzigen Vereins (im Sinne des Vereinsgesetzes): Sinn und Zweck unserer [&hellip;]<\/p>","protected":false},"author":1,"featured_media":0,"parent":0,"menu_order":0,"comment_status":"closed","ping_status":"closed","template":"templates\/template-full-width.php","meta":{"footnotes":""},"class_list":["post-628","page","type-page","status-publish","hentry"],"_links":{"self":[{"href":"https:\/\/www.laufamily-kungfu.com\/en\/wp-json\/wp\/v2\/pages\/628","targetHints":{"allow":["GET"]}}],"collection":[{"href":"https:\/\/www.laufamily-kungfu.com\/en\/wp-json\/wp\/v2\/pages"}],"about":[{"href":"https:\/\/www.laufamily-kungfu.com\/en\/wp-json\/wp\/v2\/types\/page"}],"author":[{"embeddable":true,"href":"https:\/\/www.laufamily-kungfu.com\/en\/wp-json\/wp\/v2\/users\/1"}],"replies":[{"embeddable":true,"href":"https:\/\/www.laufamily-kungfu.com\/en\/wp-json\/wp\/v2\/comments?post=628"}],"version-history":[{"count":9,"href":"https:\/\/www.laufamily-kungfu.com\/en\/wp-json\/wp\/v2\/pages\/628\/revisions"}],"predecessor-version":[{"id":1920,"href":"https:\/\/www.laufamily-kungfu.com\/en\/wp-json\/wp\/v2\/pages\/628\/revisions\/1920"}],"wp:attachment":[{"href":"https:\/\/www.laufamily-kungfu.com\/en\/wp-json\/wp\/v2\/media?parent=628"}],"curies":[{"name":"wp","href":"https:\/\/api.w.org\/{rel}","templated":true}]}}