{"id":1732,"date":"2025-05-13T07:40:47","date_gmt":"2025-05-13T07:40:47","guid":{"rendered":"https:\/\/www.laufamily-kungfu.com\/?page_id=1732"},"modified":"2025-05-13T14:09:35","modified_gmt":"2025-05-13T14:09:35","slug":"kung-fu-summer-days","status":"publish","type":"page","link":"https:\/\/www.laufamily-kungfu.com\/en\/kung-fu-summer-days\/","title":{"rendered":"Kung Fu Summer Days"},"content":{"rendered":"<figure class=\"wp-block-image alignfull size-full BannerKungFuSummerDays\"><img loading=\"lazy\" decoding=\"async\" width=\"300\" height=\"320\" src=\"https:\/\/www.laufamily-kungfu.com\/wp-content\/uploads\/2025\/05\/transparent.png\" alt=\"\" class=\"wp-image-1735\" srcset=\"https:\/\/www.laufamily-kungfu.com\/wp-content\/uploads\/2025\/05\/transparent.png 300w, https:\/\/www.laufamily-kungfu.com\/wp-content\/uploads\/2025\/05\/transparent-281x300.png 281w, https:\/\/www.laufamily-kungfu.com\/wp-content\/uploads\/2025\/05\/transparent-11x12.png 11w\" sizes=\"auto, (max-width: 300px) 100vw, 300px\" \/><\/figure>\n\n\n\n<div class=\"wp-block-group\"><div class=\"wp-block-group__inner-container is-layout-flow wp-block-group-is-layout-flow\">\n<div class=\"wp-block-group\"><div class=\"wp-block-group__inner-container is-layout-flow wp-block-group-is-layout-flow\"><\/div><\/div>\n\n\n\n<div class=\"wp-block-group\"><div class=\"wp-block-group__inner-container is-layout-flow wp-block-group-is-layout-flow\">\n<div class=\"wp-block-group alignfull\"><div class=\"wp-block-group__inner-container is-layout-flow wp-block-group-is-layout-flow\">\n<p class=\"has-text-align-left\"><\/p>\n<\/div><\/div>\n<\/div><\/div>\n<\/div><\/div>\n\n\n\n<div class=\"wp-block-columns is-layout-flex wp-container-core-columns-is-layout-9d6595d7 wp-block-columns-is-layout-flex\">\n<div class=\"wp-block-column is-layout-flow wp-block-column-is-layout-flow\" style=\"flex-basis:30%\">\n<div class=\"wp-block-group alignwide has-primary-color has-text-color\"><div class=\"wp-block-group__inner-container is-layout-flow wp-block-group-is-layout-flow\">\n<figure class=\"wp-block-image size-full obenKeinRand\"><a href=\"https:\/\/www.laufamily-kungfu.com\/wp-content\/uploads\/2025\/05\/20250502_kungfu-summer-days_A3_EN_04.jpg\" data-lbwps-width=\"849\" data-lbwps-height=\"1200\" data-lbwps-srcsmall=\"https:\/\/www.laufamily-kungfu.com\/wp-content\/uploads\/2025\/05\/20250502_kungfu-summer-days_A3_04-8x12.jpg\"><img loading=\"lazy\" decoding=\"async\" width=\"849\" height=\"1200\" src=\"https:\/\/www.laufamily-kungfu.com\/wp-content\/uploads\/2025\/05\/20250502_kungfu-summer-days_A3_EN_04.jpg\" alt=\"\" class=\"wp-image-1800\" srcset=\"https:\/\/www.laufamily-kungfu.com\/wp-content\/uploads\/2025\/05\/20250502_kungfu-summer-days_A3_EN_04.jpg 849w, https:\/\/www.laufamily-kungfu.com\/wp-content\/uploads\/2025\/05\/20250502_kungfu-summer-days_A3_EN_04-212x300.jpg 212w, https:\/\/www.laufamily-kungfu.com\/wp-content\/uploads\/2025\/05\/20250502_kungfu-summer-days_A3_EN_04-768x1086.jpg 768w, https:\/\/www.laufamily-kungfu.com\/wp-content\/uploads\/2025\/05\/20250502_kungfu-summer-days_A3_EN_04-8x12.jpg 8w\" sizes=\"auto, (max-width: 849px) 100vw, 849px\" \/><\/a><\/figure>\n<\/div><\/div>\n<\/div>\n\n\n\n<div class=\"wp-block-column is-layout-flow wp-block-column-is-layout-flow\" style=\"flex-basis:70%\">\n<div class=\"wp-block-group alignwide has-primary-color has-subtle-background-background-color has-text-color has-background\"><div class=\"wp-block-group__inner-container is-layout-flow wp-block-group-is-layout-flow\">\n<figure class=\"wp-block-image alignwide size-large roteTrennlinie\"><img loading=\"lazy\" decoding=\"async\" width=\"100\" height=\"4\" src=\"https:\/\/www.laufamily-kungfu.com\/wp-content\/uploads\/2020\/07\/trennlinie.png\" alt=\"\" class=\"wp-image-139\"\/><\/figure>\n\n\n\n<div class=\"wp-block-group\"><div class=\"wp-block-group__inner-container is-layout-flow wp-block-group-is-layout-flow\">\n<h2 class=\"wp-block-heading has-text-align-center\" style=\"font-size:42px\"><strong>Kung Fu Summer Days<\/strong><\/h2>\n<\/div><\/div>\n\n\n\n<figure class=\"wp-block-image alignwide size-large roteTrennlinie\"><img loading=\"lazy\" decoding=\"async\" width=\"100\" height=\"4\" src=\"https:\/\/www.laufamily-kungfu.com\/wp-content\/uploads\/2020\/07\/trennlinie.png\" alt=\"\" class=\"wp-image-139\"\/><\/figure>\n\n\n\n\n\n\n\n<p class=\"has-text-align-center m-t-60\" style=\"font-size:24px\">The <strong><a href=\"https:\/\/www.icma-assoc.com\" target=\"_blank\" rel=\"noreferrer noopener\">International Chinese Martial Arts Association ICMAA<\/a><\/strong>  presents from Thursday 19 June to Saturday 21 June 2025 the Kung Fu Summer Days in Salzburg (Austria) for the first time.<br><\/p>\n<\/div><\/div>\n<\/div>\n<\/div>\n\n\n\n<h2 class=\"wp-block-heading alignfull has-text-align-center m-t-60 m-b-30 has-text-color has-link-color wp-elements-b15217bfe08a92fd30609a63673418e7\" style=\"color:#a22716;font-size:42px\">Time Table<\/h2>\n\n\n\n<p class=\"has-text-align-center\">Please check back on this page for updates.<\/p>\n\n\n\n<div class=\"wp-block-columns is-layout-flex wp-container-core-columns-is-layout-9d6595d7 wp-block-columns-is-layout-flex\">\n<div class=\"wp-block-column seminarAngeboteKasten bg1 is-layout-flow wp-block-column-is-layout-flow\">\n<h2 class=\"wp-block-heading obenKeinRand\">Thursday &amp; Friday<\/h2>\n\n\n\n<p>Exclusive 2-day double dagger seminar (the entire form plus application is taught)<\/p>\n\n\n\n<p>Reduced prices for ICMAA members<br><\/p>\n\n\n\n<h5 class=\"wp-block-heading\">Prices<\/h5>\n\n\n\n<p>Pupils, trainees &amp; students:<br>150.-  EUR<\/p>\n\n\n\n<p>Employed persons<br>180.- EUR<\/p>\n\n\n\n<p>External Martial Artists:<br>220.- EUR<\/p>\n<\/div>\n\n\n\n<div class=\"wp-block-column seminarAngeboteKasten bg2 is-layout-flow wp-block-column-is-layout-flow\">\n<h2 class=\"wp-block-heading obenKeinRand\">Thursday Evening<\/h2>\n\n\n\n<p>Ols School Kung Fu Movie Night with film surprise at the International Lau Family Kung Fu Academy on Mirabellplatz (don't forget drinks, crisps and popcorn).<br><\/p>\n\n\n\n<p>Free of charge, exclusively for ICMAA members.<\/p>\n<\/div>\n\n\n\n<div class=\"wp-block-column seminarAngeboteKasten bg3 is-layout-flow wp-block-column-is-layout-flow\">\n<h2 class=\"wp-block-heading obenKeinRand\">Friday<\/h2>\n\n\n\n<p>Open Air Kung Fu Kids Seminar with the world's first ever teaching of the Lau family's exclusive Monkey Style Kung Fu stick form to children!<\/p>\n\n\n\n<p>Duration: 4 hours<br><\/p>\n\n\n\n<h5 class=\"wp-block-heading\">Prices<\/h5>\n\n\n\n<p>As a member of the ICMAA:<br>65.- EUR<\/p>\n\n\n\n<p>External children:<br>80,- EUR<\/p>\n<\/div>\n\n\n\n<div class=\"wp-block-column seminarAngeboteKasten bg4 is-layout-flow wp-block-column-is-layout-flow\">\n<h2 class=\"wp-block-heading obenKeinRand\">Saturday<\/h2>\n\n\n\n<p>Closing with summer party and performance directly at the Mattsee lido with catering trolley from Stiftskeller Mattsee and swimming fun!<\/p>\n\n\n\n<p>Start: 2 pm<\/p>\n<\/div>\n<\/div>\n\n\n\n<div class=\"wp-block-columns is-layout-flex wp-container-core-columns-is-layout-9d6595d7 wp-block-columns-is-layout-flex\">\n<div class=\"wp-block-column is-layout-flow wp-block-column-is-layout-flow\" style=\"flex-basis:100%\">\n<div class=\"wp-block-group\"><div class=\"wp-block-group__inner-container is-layout-flow wp-block-group-is-layout-flow\">\n<figure class=\"wp-block-image alignfull size-full roteTrennlinie\"><img loading=\"lazy\" decoding=\"async\" width=\"100\" height=\"4\" src=\"https:\/\/www.laufamily-kungfu.com\/wp-content\/uploads\/2020\/07\/trennlinie.png\" alt=\"\" class=\"wp-image-139\"\/><\/figure>\n\n\n\n<div class=\"wp-block-group alignfull has-primary-color has-subtle-background-background-color has-text-color has-background\"><div class=\"wp-block-group__inner-container is-layout-flow wp-block-group-is-layout-flow\">\n<h2 class=\"wp-block-heading has-text-align-center\">Registration<\/h2>\n\n\n\n<p class=\"has-text-align-center\">Registration for  Kung Fu Summer Days please via the <a href=\"https:\/\/www.laufamily-kungfu.com\/en\/kontakt\/\" data-type=\"URL\" data-id=\"https:\/\/www.laufamily-kungfu.com\/kontakt\/\">Contact form<\/a> or under the telephone number<\/p>\n\n\n\n<p class=\"has-text-align-center has-larger-font-size\">+43 (0)681 \/ 81 81 86 90<\/p>\n<\/div><\/div>\n\n\n\n<figure class=\"wp-block-image alignfull size-full roteTrennlinie\"><img loading=\"lazy\" decoding=\"async\" width=\"100\" height=\"4\" src=\"https:\/\/www.laufamily-kungfu.com\/wp-content\/uploads\/2020\/07\/trennlinie.png\" alt=\"\" class=\"wp-image-139\"\/><\/figure>\n<\/div><\/div>\n<\/div>\n<\/div>\n\n\n\n<p class=\"has-text-align-center newsKasten2\"> <a href=\"http:\/\/www.laufamily-kungfu.com\/en\/kontakt\/\">contact us now<\/a><\/p>","protected":false},"excerpt":{"rendered":"<p>Kung Fu Summer Days Die International Chinese Martial Arts Association ICMAA pr\u00e4sentiert von Donnerstag 19. Juni bis Samstag 21. Juni 2025 erstmals die Kung Fu Summer Days in Salzburg (Austria). Programm\u00fcbersicht F\u00fcr Aktualisierungen bitte auf dieser Seite wieder vorbeischauen. Donnerstag &amp; Freitag Exklusives 2-t\u00e4giges Doppeldolch-Seminar (gelehrt wird die ganze Form plus Anwendung) Erm\u00e4ssigte Preise f\u00fcr [&hellip;]<\/p>","protected":false},"author":1,"featured_media":0,"parent":0,"menu_order":0,"comment_status":"closed","ping_status":"closed","template":"templates\/template-full-width.php","meta":{"footnotes":""},"class_list":["post-1732","page","type-page","status-publish","hentry"],"_links":{"self":[{"href":"https:\/\/www.laufamily-kungfu.com\/en\/wp-json\/wp\/v2\/pages\/1732","targetHints":{"allow":["GET"]}}],"collection":[{"href":"https:\/\/www.laufamily-kungfu.com\/en\/wp-json\/wp\/v2\/pages"}],"about":[{"href":"https:\/\/www.laufamily-kungfu.com\/en\/wp-json\/wp\/v2\/types\/page"}],"author":[{"embeddable":true,"href":"https:\/\/www.laufamily-kungfu.com\/en\/wp-json\/wp\/v2\/users\/1"}],"replies":[{"embeddable":true,"href":"https:\/\/www.laufamily-kungfu.com\/en\/wp-json\/wp\/v2\/comments?post=1732"}],"version-history":[{"count":43,"href":"https:\/\/www.laufamily-kungfu.com\/en\/wp-json\/wp\/v2\/pages\/1732\/revisions"}],"predecessor-version":[{"id":1816,"href":"https:\/\/www.laufamily-kungfu.com\/en\/wp-json\/wp\/v2\/pages\/1732\/revisions\/1816"}],"wp:attachment":[{"href":"https:\/\/www.laufamily-kungfu.com\/en\/wp-json\/wp\/v2\/media?parent=1732"}],"curies":[{"name":"wp","href":"https:\/\/api.w.org\/{rel}","templated":true}]}}