{"id":1642,"date":"2025-03-11T16:12:20","date_gmt":"2025-03-11T16:12:20","guid":{"rendered":"https:\/\/www.laufamily-kungfu.com\/?page_id=1642"},"modified":"2025-03-13T09:37:06","modified_gmt":"2025-03-13T09:37:06","slug":"combat-arts-intense-training","status":"publish","type":"page","link":"https:\/\/www.laufamily-kungfu.com\/en\/combat-arts-intense-training\/","title":{"rendered":"Combat Arts Intense Training"},"content":{"rendered":"<figure class=\"wp-block-image alignfull size-large BannerCombatArts\"><img loading=\"lazy\" decoding=\"async\" width=\"300\" height=\"320\" src=\"https:\/\/www.laufamily-kungfu.com\/wp-content\/uploads\/2020\/07\/hung_kuen_lau_family_kung_fu_europe_300.png\" alt=\"\" class=\"wp-image-181\" srcset=\"https:\/\/www.laufamily-kungfu.com\/wp-content\/uploads\/2020\/07\/hung_kuen_lau_family_kung_fu_europe_300.png 300w, https:\/\/www.laufamily-kungfu.com\/wp-content\/uploads\/2020\/07\/hung_kuen_lau_family_kung_fu_europe_300-281x300.png 281w\" sizes=\"auto, (max-width: 300px) 100vw, 300px\" \/><\/figure>\n\n\n\n<div class=\"wp-block-group\"><div class=\"wp-block-group__inner-container is-layout-flow wp-block-group-is-layout-flow\">\n<div class=\"wp-block-group\"><div class=\"wp-block-group__inner-container is-layout-flow wp-block-group-is-layout-flow\">\n<figure class=\"wp-block-image alignwide size-large roteTrennlinie\"><img loading=\"lazy\" decoding=\"async\" width=\"100\" height=\"4\" src=\"https:\/\/www.laufamily-kungfu.com\/wp-content\/uploads\/2020\/07\/trennlinie.png\" alt=\"\" class=\"wp-image-139\"\/><\/figure>\n\n\n\n<div class=\"wp-block-group\"><div class=\"wp-block-group__inner-container is-layout-flow wp-block-group-is-layout-flow\">\n<h2 class=\"wp-block-heading has-text-align-center\" style=\"font-size:42px\">Combat Arts Intense Training<\/h2>\n<\/div><\/div>\n\n\n\n<figure class=\"wp-block-image alignwide size-large roteTrennlinie\"><img loading=\"lazy\" decoding=\"async\" width=\"100\" height=\"4\" src=\"https:\/\/www.laufamily-kungfu.com\/wp-content\/uploads\/2020\/07\/trennlinie.png\" alt=\"\" class=\"wp-image-139\"\/><\/figure>\n<\/div><\/div>\n\n\n\n<div class=\"wp-block-group\"><div class=\"wp-block-group__inner-container is-layout-flow wp-block-group-is-layout-flow\">\n<div class=\"wp-block-group alignfull\"><div class=\"wp-block-group__inner-container is-layout-flow wp-block-group-is-layout-flow\"><\/div><\/div>\n<\/div><\/div>\n<\/div><\/div>\n\n\n\n<figure class=\"wp-block-image size-full m-b-20\"><img loading=\"lazy\" decoding=\"async\" width=\"1540\" height=\"830\" src=\"https:\/\/www.laufamily-kungfu.com\/wp-content\/uploads\/2025\/03\/combat-arts-dennis.jpg\" alt=\"\" class=\"wp-image-1644\" srcset=\"https:\/\/www.laufamily-kungfu.com\/wp-content\/uploads\/2025\/03\/combat-arts-dennis.jpg 1540w, https:\/\/www.laufamily-kungfu.com\/wp-content\/uploads\/2025\/03\/combat-arts-dennis-300x162.jpg 300w, https:\/\/www.laufamily-kungfu.com\/wp-content\/uploads\/2025\/03\/combat-arts-dennis-768x414.jpg 768w, https:\/\/www.laufamily-kungfu.com\/wp-content\/uploads\/2025\/03\/combat-arts-dennis-1536x828.jpg 1536w, https:\/\/www.laufamily-kungfu.com\/wp-content\/uploads\/2025\/03\/combat-arts-dennis-18x10.jpg 18w, https:\/\/www.laufamily-kungfu.com\/wp-content\/uploads\/2025\/03\/combat-arts-dennis-1200x647.jpg 1200w\" sizes=\"auto, (max-width: 1540px) 100vw, 1540px\" \/><\/figure>\n\n\n\n<p class=\"has-text-align-center m-t-0\">Dai Si Hing Dennis Spies in front of his Wall of Fame<\/p>\n\n\n\n<h2 class=\"wp-block-heading alignfull has-text-align-center h2k has-text-color\" style=\"color:#a22716;font-size:42px\">What is Combat Arts Intense Training?<\/h2>\n\n\n\n<div class=\"wp-block-columns is-layout-flex wp-container-core-columns-is-layout-9d6595d7 wp-block-columns-is-layout-flex\">\n<div class=\"wp-block-column is-layout-flow wp-block-column-is-layout-flow\">\n<p class=\"translation-block\">Combat Arts Intense Training differs from regular Hung Kuen or Choy lay Fut Kung Fu classes as follows:\nInstead of concentrating primarily on forms, basic exercises and application possibilities, we focus on the development of strength endurance and traditional hardening.<\/p>\n<\/div>\n\n\n\n<div class=\"wp-block-column is-layout-flow wp-block-column-is-layout-flow\">\n<p>The aim of this training is to expand both physical and mental limits and to significantly accelerate the maturing process in Kung Fu. This training is aimed at dedicated practitioners who are prepared to push their own limits and take on even tougher challenges.<\/p>\n<\/div>\n<\/div>\n\n\n\n<figure class=\"wp-block-image alignwide size-large roteTrennlinie\"><img loading=\"lazy\" decoding=\"async\" width=\"100\" height=\"4\" src=\"https:\/\/www.laufamily-kungfu.com\/wp-content\/uploads\/2020\/07\/trennlinie.png\" alt=\"\" class=\"wp-image-139\"\/><\/figure>\n\n\n\n<div class=\"wp-block-group maxWidth1000\"><div class=\"wp-block-group__inner-container is-layout-constrained wp-block-group-is-layout-constrained\">\n<p class=\"has-text-align-center\" style=\"font-size:36px\"><em>\u2018Be ready to reach your maximum and take your skills to a new level!\u2019<\/em><\/p>\n\n\n\n<p class=\"has-text-align-center m-t-0\" style=\"font-size:28px\"><em> <\/em>(Dennis Spies)<\/p>\n<\/div><\/div>\n\n\n\n<figure class=\"wp-block-image alignwide size-large roteTrennlinie\"><img loading=\"lazy\" decoding=\"async\" width=\"100\" height=\"4\" src=\"https:\/\/www.laufamily-kungfu.com\/wp-content\/uploads\/2020\/07\/trennlinie.png\" alt=\"\" class=\"wp-image-139\"\/><\/figure>\n\n\n\n<div class=\"wp-block-columns is-layout-flex wp-container-core-columns-is-layout-9d6595d7 wp-block-columns-is-layout-flex\">\n<div class=\"wp-block-column is-layout-flow wp-block-column-is-layout-flow\">\n<p class=\"translation-block\">Dennis Spies first came into intensive contact with traditional Chinese martial arts at the age of five through his father, Jau Chi Hang Sifu Dominik Spies, and from then on actively and regularly took part in lessons. Early on, he took over the organisation and supervision of the children's lessons and was quickly introduced to the art of teaching. At the age of 16, Dennis increasingly led youth and adult classes and was the main teacher in the children's classes at the Fu Pau Kung Fu Schools in Germany.  At the age of 19, he opened his first own Kung Fu school in Traunstein, where he taught children, teenagers and adults until 2025.<\/p>\n<\/div>\n\n\n\n<div class=\"wp-block-column is-layout-flow wp-block-column-is-layout-flow\">\n<figure class=\"wp-block-image size-full m-t-0\"><img loading=\"lazy\" decoding=\"async\" width=\"545\" height=\"680\" src=\"https:\/\/www.laufamily-kungfu.com\/wp-content\/uploads\/2025\/03\/dennis-spies.jpg\" alt=\"\" class=\"wp-image-1663\" srcset=\"https:\/\/www.laufamily-kungfu.com\/wp-content\/uploads\/2025\/03\/dennis-spies.jpg 545w, https:\/\/www.laufamily-kungfu.com\/wp-content\/uploads\/2025\/03\/dennis-spies-240x300.jpg 240w, https:\/\/www.laufamily-kungfu.com\/wp-content\/uploads\/2025\/03\/dennis-spies-10x12.jpg 10w\" sizes=\"auto, (max-width: 545px) 100vw, 545px\" \/><\/figure>\n<\/div>\n\n\n\n<div class=\"wp-block-column is-layout-flow wp-block-column-is-layout-flow\">\n<p class=\"translation-block\">He has also been teaching at the International Lau Family Hung Kuen Kung Fu Academy in Salzburg since 2022.  Dennis attended numerous seminars with Grandmaster Lau Kar Yung from Hong Kong and took part in various advanced training courses with Master Jau Chi Hang, where he also continued his training in the private sector and in internal courses.  In 2024, he was appointed Di Si Hing Kung Fu teacher by Jau Chi Hang and has been authorised to wear the black belt ever since. He also achieved an impressive third place at the eighth Kung Fu World Championships in New York in 2024, making him one of the most experienced and successful Kung Fu teachers of his generation.<\/p>\n<\/div>\n<\/div>\n\n\n\n<div class=\"wp-block-columns is-layout-flex wp-container-core-columns-is-layout-9d6595d7 wp-block-columns-is-layout-flex\">\n<div class=\"wp-block-column is-layout-flow wp-block-column-is-layout-flow\" style=\"flex-basis:100%\">\n<div class=\"wp-block-group\"><div class=\"wp-block-group__inner-container is-layout-flow wp-block-group-is-layout-flow\">\n<figure class=\"wp-block-image alignfull size-full roteTrennlinie\"><img loading=\"lazy\" decoding=\"async\" width=\"100\" height=\"4\" src=\"https:\/\/www.laufamily-kungfu.com\/wp-content\/uploads\/2020\/07\/trennlinie.png\" alt=\"\" class=\"wp-image-139\"\/><\/figure>\n\n\n\n<div class=\"wp-block-group alignfull has-primary-color has-subtle-background-background-color has-text-color has-background\"><div class=\"wp-block-group__inner-container is-layout-flow wp-block-group-is-layout-flow\">\n<h2 class=\"wp-block-heading has-text-align-center\">Conditions for participation<\/h2>\n\n\n\n<p class=\"has-text-align-center\">The Combat Arts Intense Training is part of the regular classes at the International Lau Family Kung Fu Academy and is available to practitioners of both Hung Kuen and Choy Lay Fut Kung Fu. <\/p>\n\n\n\n<div style=\"height:10px\" aria-hidden=\"true\" class=\"wp-block-spacer\"><\/div>\n<\/div><\/div>\n\n\n\n<figure class=\"wp-block-image alignfull size-full roteTrennlinie\"><img loading=\"lazy\" decoding=\"async\" width=\"100\" height=\"4\" src=\"https:\/\/www.laufamily-kungfu.com\/wp-content\/uploads\/2020\/07\/trennlinie.png\" alt=\"\" class=\"wp-image-139\"\/><\/figure>\n<\/div><\/div>\n<\/div>\n<\/div>\n\n\n\n<p class=\"has-text-align-center newsKasten2\"> <a href=\"http:\/\/www.laufamily-kungfu.com\/en\/kontakt\/\">contact us now<\/a><\/p>","protected":false},"excerpt":{"rendered":"<p>Combat Arts Intense Training Dai Si Hing Dennis Spies vor seiner Wall of Fame Was ist das Combat Arts Intense Training? Das Combat Arts Intense Training hebt sich wie folgt vom regul\u00e4ren Kung Fu Unterricht im Hung Kuen oder Choy lay Fut Kung Fu ab:Anstatt uns prim\u00e4r auf Formen, Basis\u00fcbungen und Anwendungsm\u00f6glichkeiten zu konzentrieren, legen [&hellip;]<\/p>","protected":false},"author":1,"featured_media":0,"parent":0,"menu_order":0,"comment_status":"closed","ping_status":"closed","template":"templates\/template-full-width.php","meta":{"footnotes":""},"class_list":["post-1642","page","type-page","status-publish","hentry"],"_links":{"self":[{"href":"https:\/\/www.laufamily-kungfu.com\/en\/wp-json\/wp\/v2\/pages\/1642","targetHints":{"allow":["GET"]}}],"collection":[{"href":"https:\/\/www.laufamily-kungfu.com\/en\/wp-json\/wp\/v2\/pages"}],"about":[{"href":"https:\/\/www.laufamily-kungfu.com\/en\/wp-json\/wp\/v2\/types\/page"}],"author":[{"embeddable":true,"href":"https:\/\/www.laufamily-kungfu.com\/en\/wp-json\/wp\/v2\/users\/1"}],"replies":[{"embeddable":true,"href":"https:\/\/www.laufamily-kungfu.com\/en\/wp-json\/wp\/v2\/comments?post=1642"}],"version-history":[{"count":45,"href":"https:\/\/www.laufamily-kungfu.com\/en\/wp-json\/wp\/v2\/pages\/1642\/revisions"}],"predecessor-version":[{"id":1706,"href":"https:\/\/www.laufamily-kungfu.com\/en\/wp-json\/wp\/v2\/pages\/1642\/revisions\/1706"}],"wp:attachment":[{"href":"https:\/\/www.laufamily-kungfu.com\/en\/wp-json\/wp\/v2\/media?parent=1642"}],"curies":[{"name":"wp","href":"https:\/\/api.w.org\/{rel}","templated":true}]}}