{"id":1430,"date":"2025-03-06T08:45:52","date_gmt":"2025-03-06T08:45:52","guid":{"rendered":"https:\/\/www.laufamily-kungfu.com\/?page_id=1430"},"modified":"2025-03-11T16:40:39","modified_gmt":"2025-03-11T16:40:39","slug":"icmaa-fight-klub","status":"publish","type":"page","link":"https:\/\/www.laufamily-kungfu.com\/en\/icmaa-fight-klub\/","title":{"rendered":"ICMAA Fight Klub"},"content":{"rendered":"<figure class=\"wp-block-image alignfull size-large BannerFightClub\"><img loading=\"lazy\" decoding=\"async\" width=\"300\" height=\"320\" src=\"https:\/\/www.laufamily-kungfu.com\/wp-content\/uploads\/2020\/07\/hung_kuen_lau_family_kung_fu_europe_300.png\" alt=\"\" class=\"wp-image-181\" srcset=\"https:\/\/www.laufamily-kungfu.com\/wp-content\/uploads\/2020\/07\/hung_kuen_lau_family_kung_fu_europe_300.png 300w, https:\/\/www.laufamily-kungfu.com\/wp-content\/uploads\/2020\/07\/hung_kuen_lau_family_kung_fu_europe_300-281x300.png 281w\" sizes=\"auto, (max-width: 300px) 100vw, 300px\" \/><\/figure>\n\n\n\n<div class=\"wp-block-group\"><div class=\"wp-block-group__inner-container is-layout-flow wp-block-group-is-layout-flow\">\n<div class=\"wp-block-group\"><div class=\"wp-block-group__inner-container is-layout-flow wp-block-group-is-layout-flow\">\n<figure class=\"wp-block-image alignwide size-large roteTrennlinie\"><img loading=\"lazy\" decoding=\"async\" width=\"100\" height=\"4\" src=\"https:\/\/www.laufamily-kungfu.com\/wp-content\/uploads\/2020\/07\/trennlinie.png\" alt=\"\" class=\"wp-image-139\"\/><\/figure>\n\n\n\n<div class=\"wp-block-group\"><div class=\"wp-block-group__inner-container is-layout-flow wp-block-group-is-layout-flow\">\n<h2 class=\"wp-block-heading has-text-align-center\" style=\"font-size:42px\">ICMAA &#8222;Fight Klub&#8220;<\/h2>\n<\/div><\/div>\n\n\n\n<figure class=\"wp-block-image alignwide size-large roteTrennlinie\"><img loading=\"lazy\" decoding=\"async\" width=\"100\" height=\"4\" src=\"https:\/\/www.laufamily-kungfu.com\/wp-content\/uploads\/2020\/07\/trennlinie.png\" alt=\"\" class=\"wp-image-139\"\/><\/figure>\n<\/div><\/div>\n\n\n\n<div class=\"wp-block-group\"><div class=\"wp-block-group__inner-container is-layout-flow wp-block-group-is-layout-flow\">\n<div class=\"wp-block-group alignfull\"><div class=\"wp-block-group__inner-container is-layout-flow wp-block-group-is-layout-flow\">\n<p class=\"has-text-align-left\"><br>The <em><strong>ICMAA &#8222;Fight Klub<\/strong><\/em>\u2018 is an intensive training session with Master Jau, in which interested Kung Fu students aged 13 and over learn, study and train all the basics and insights on the subject <em><strong>learning to fight<\/strong><\/em> .<\/p>\n<\/div><\/div>\n<\/div><\/div>\n<\/div><\/div>\n\n\n\n<figure class=\"wp-block-image size-full\"><img loading=\"lazy\" decoding=\"async\" width=\"1600\" height=\"730\" src=\"https:\/\/www.laufamily-kungfu.com\/wp-content\/uploads\/2025\/03\/Anwendung-Fight-Club.jpg\" alt=\"\" class=\"wp-image-1471\" srcset=\"https:\/\/www.laufamily-kungfu.com\/wp-content\/uploads\/2025\/03\/Anwendung-Fight-Club.jpg 1600w, https:\/\/www.laufamily-kungfu.com\/wp-content\/uploads\/2025\/03\/Anwendung-Fight-Club-300x137.jpg 300w, https:\/\/www.laufamily-kungfu.com\/wp-content\/uploads\/2025\/03\/Anwendung-Fight-Club-768x350.jpg 768w, https:\/\/www.laufamily-kungfu.com\/wp-content\/uploads\/2025\/03\/Anwendung-Fight-Club-1536x701.jpg 1536w, https:\/\/www.laufamily-kungfu.com\/wp-content\/uploads\/2025\/03\/Anwendung-Fight-Club-18x8.jpg 18w, https:\/\/www.laufamily-kungfu.com\/wp-content\/uploads\/2025\/03\/Anwendung-Fight-Club-1200x548.jpg 1200w\" sizes=\"auto, (max-width: 1600px) 100vw, 1600px\" \/><\/figure>\n\n\n\n<h2 class=\"wp-block-heading alignfull has-text-align-center h2k has-text-color\" style=\"color:#a22716;font-size:42px\">ICMAA \u2018Fight Klub\u2019 - The focus of the programme<\/h2>\n\n\n\n<div class=\"wp-block-columns alignwide m-t-10 is-layout-flex wp-container-core-columns-is-layout-9d6595d7 wp-block-columns-is-layout-flex\">\n<div class=\"wp-block-column is-layout-flow wp-block-column-is-layout-flow\">\n<p class=\"has-text-align-left roemerZahlen\"><strong>I<\/strong><\/p>\n\n\n\n<p class=\"has-text-align-center\">Masterful techniques &amp; applications \u2013 deepening of complex fighting techniques, combinations and strategic applications from different Kung Fu styles.<\/p>\n<\/div>\n\n\n\n<div class=\"wp-block-column is-layout-flow wp-block-column-is-layout-flow\">\n<p class=\"roemerZahlen\"><strong>II<\/strong><\/p>\n\n\n\n<p class=\"has-text-align-center\">Body control &amp; inner energy \u2013 Advanced Qi Gong, breathing techniques and mental focussing to improve strength, speed and endurance.<\/p>\n<\/div>\n\n\n\n<div class=\"wp-block-column is-layout-flow wp-block-column-is-layout-flow\">\n<p class=\"roemerZahlen\"><strong>III<\/strong><\/p>\n\n\n\n<p class=\"has-text-align-center\">Philosophy &amp; Martial Spirit \u2013 Insight into the spiritual and philosophical principles of Kung Fu to train body and mind in harmony.<\/p>\n<\/div>\n\n\n\n<div class=\"wp-block-column is-layout-flow wp-block-column-is-layout-flow\">\n<p class=\"roemerZahlen\"><strong>IV<\/strong><\/p>\n\n\n\n<p class=\"has-text-align-center\">Responsibility &amp; fighting \u2013 How intensely destructive or de-escalating can or should I act in different situations?<\/p>\n<\/div>\n<\/div>\n\n\n\n<p class=\"has-text-align-center\"><\/p>\n\n\n\n<div class=\"wp-block-columns is-layout-flex wp-container-core-columns-is-layout-9d6595d7 wp-block-columns-is-layout-flex\">\n<div class=\"wp-block-column is-layout-flow wp-block-column-is-layout-flow\" style=\"flex-basis:100%\">\n<div class=\"wp-block-group\"><div class=\"wp-block-group__inner-container is-layout-flow wp-block-group-is-layout-flow\">\n<figure class=\"wp-block-image alignfull size-full roteTrennlinie\"><img loading=\"lazy\" decoding=\"async\" width=\"100\" height=\"4\" src=\"https:\/\/www.laufamily-kungfu.com\/wp-content\/uploads\/2020\/07\/trennlinie.png\" alt=\"\" class=\"wp-image-139\"\/><\/figure>\n\n\n\n<div class=\"wp-block-group alignfull has-primary-color has-subtle-background-background-color has-text-color has-background\"><div class=\"wp-block-group__inner-container is-layout-flow wp-block-group-is-layout-flow\">\n<h2 class=\"wp-block-heading has-text-align-center\">Conditions for participation<\/h2>\n\n\n\n<p class=\"has-text-align-center\">The <em><strong>ICMAA &#8222;Fight Klub&#8220;<\/strong><\/em> can only be visited and booked exclusively by sponsoring members of the ICMAA (International Chinese Martial Arts Association). Further information can be obtained directly from Jau Chi Hang Sifu Dominik Spies or at<\/p>\n\n\n\n<p class=\"has-text-align-center has-larger-font-size\"><a href=\"mailto:kontakt@icma-assoc.com\">kontakt@icma-assoc.com<\/a><\/p>\n\n\n\n<p class=\"has-text-align-center\"><br>For trainees within the scope of the <a href=\"http:\/\/www.fupau-akademie.de\" target=\"_blank\" rel=\"noreferrer noopener\">Fu Pau Akademie<\/a> is the participation at the <em><strong>ICMAA <em><strong>&#8222;Fight Klub&#8220;<\/strong><\/em><\/strong><\/em> free of charge.<\/p>\n<\/div><\/div>\n\n\n\n<figure class=\"wp-block-image alignfull size-full roteTrennlinie\"><img loading=\"lazy\" decoding=\"async\" width=\"100\" height=\"4\" src=\"https:\/\/www.laufamily-kungfu.com\/wp-content\/uploads\/2020\/07\/trennlinie.png\" alt=\"\" class=\"wp-image-139\"\/><\/figure>\n<\/div><\/div>\n<\/div>\n<\/div>\n\n\n\n<p class=\"has-text-align-center newsKasten2\"> <a href=\"http:\/\/www.laufamily-kungfu.com\/en\/kontakt\/\">contact us now<\/a><\/p>","protected":false},"excerpt":{"rendered":"<p>ICMAA &#8222;Fight Klub&#8220; Der ICMAA &#8222;Fight Klub&#8220; ist eine intensive Trainingseinheit mit Meister Jau, bei der interessierte Kung Fu Sch\u00fcler und Sch\u00fclerinnen ab 13 Jahren s\u00e4mtliche Grundlagen und Einblicke zum Thema K\u00e4mpfen lernen trainieren &amp; studieren k\u00f6nnen. ICMAA &#8222;Fight Klub&#8220; \u2013 Die inhaltlichen Schwerpunkte I Meisterhafte Techniken &amp; Anwendungen \u2013 Vertiefung komplexer Kampftechniken, Kombinationen und [&hellip;]<\/p>","protected":false},"author":1,"featured_media":0,"parent":0,"menu_order":0,"comment_status":"closed","ping_status":"closed","template":"templates\/template-full-width.php","meta":{"footnotes":""},"class_list":["post-1430","page","type-page","status-publish","hentry"],"_links":{"self":[{"href":"https:\/\/www.laufamily-kungfu.com\/en\/wp-json\/wp\/v2\/pages\/1430","targetHints":{"allow":["GET"]}}],"collection":[{"href":"https:\/\/www.laufamily-kungfu.com\/en\/wp-json\/wp\/v2\/pages"}],"about":[{"href":"https:\/\/www.laufamily-kungfu.com\/en\/wp-json\/wp\/v2\/types\/page"}],"author":[{"embeddable":true,"href":"https:\/\/www.laufamily-kungfu.com\/en\/wp-json\/wp\/v2\/users\/1"}],"replies":[{"embeddable":true,"href":"https:\/\/www.laufamily-kungfu.com\/en\/wp-json\/wp\/v2\/comments?post=1430"}],"version-history":[{"count":35,"href":"https:\/\/www.laufamily-kungfu.com\/en\/wp-json\/wp\/v2\/pages\/1430\/revisions"}],"predecessor-version":[{"id":1699,"href":"https:\/\/www.laufamily-kungfu.com\/en\/wp-json\/wp\/v2\/pages\/1430\/revisions\/1699"}],"wp:attachment":[{"href":"https:\/\/www.laufamily-kungfu.com\/en\/wp-json\/wp\/v2\/media?parent=1430"}],"curies":[{"name":"wp","href":"https:\/\/api.w.org\/{rel}","templated":true}]}}